{"id":1150,"date":"2020-11-02T14:15:12","date_gmt":"2020-11-02T12:15:12","guid":{"rendered":"https:\/\/valdauto.lt\/?post_type=product&#038;p=1150"},"modified":"2020-11-02T14:15:13","modified_gmt":"2020-11-02T12:15:13","slug":"bmw-f-serijos-desines-puses-veidrodzio-stiklas-51167285006","status":"publish","type":"product","link":"https:\/\/valdauto.lt\/?product=bmw-f-serijos-desines-puses-veidrodzio-stiklas-51167285006","title":{"rendered":"BMW F serijos de\u0161in\u0117s pus\u0117s veidrod\u017eio stiklas 51167285006"},"content":{"rendered":"<p>F serijos, \u0161ildomas , autochrominis<\/p>\n","protected":false},"excerpt":{"rendered":"<p>Tinka F3X ir F8X serijos automobiliams<\/p>\n","protected":false},"featured_media":1151,"template":"","meta":{"om_disable_all_campaigns":false,"_monsterinsights_skip_tracking":false,"_monsterinsights_sitenote_active":false,"_monsterinsights_sitenote_note":"","_monsterinsights_sitenote_category":0,"_uf_show_specific_survey":0,"_uf_disable_surveys":false,"slim_seo":{"title":"BMW F serijos de\u0161in\u0117s pus\u0117s veidrod\u017eio stiklas 51167285006","description":"F30 F32 F82 F80 serijos"}},"product_brand":[],"product_cat":[146],"product_tag":[204,203],"class_list":{"0":"post-1150","1":"product","2":"type-product","3":"status-publish","4":"has-post-thumbnail","6":"product_cat-bmw-kebulo-dalys","7":"product_tag-204","8":"product_tag-203","10":"first","11":"instock","12":"taxable","13":"shipping-taxable","14":"purchasable","15":"product-type-simple","16":"berocket_lgv_grid","17":"berocket_lgv_list_grid"},"_links":{"self":[{"href":"https:\/\/valdauto.lt\/index.php?rest_route=\/wp\/v2\/product\/1150","targetHints":{"allow":["GET"]}}],"collection":[{"href":"https:\/\/valdauto.lt\/index.php?rest_route=\/wp\/v2\/product"}],"about":[{"href":"https:\/\/valdauto.lt\/index.php?rest_route=\/wp\/v2\/types\/product"}],"version-history":[{"count":1,"href":"https:\/\/valdauto.lt\/index.php?rest_route=\/wp\/v2\/product\/1150\/revisions"}],"predecessor-version":[{"id":1153,"href":"https:\/\/valdauto.lt\/index.php?rest_route=\/wp\/v2\/product\/1150\/revisions\/1153"}],"wp:featuredmedia":[{"embeddable":true,"href":"https:\/\/valdauto.lt\/index.php?rest_route=\/wp\/v2\/media\/1151"}],"wp:attachment":[{"href":"https:\/\/valdauto.lt\/index.php?rest_route=%2Fwp%2Fv2%2Fmedia&parent=1150"}],"wp:term":[{"taxonomy":"product_brand","embeddable":true,"href":"https:\/\/valdauto.lt\/index.php?rest_route=%2Fwp%2Fv2%2Fproduct_brand&post=1150"},{"taxonomy":"product_cat","embeddable":true,"href":"https:\/\/valdauto.lt\/index.php?rest_route=%2Fwp%2Fv2%2Fproduct_cat&post=1150"},{"taxonomy":"product_tag","embeddable":true,"href":"https:\/\/valdauto.lt\/index.php?rest_route=%2Fwp%2Fv2%2Fproduct_tag&post=1150"}],"curies":[{"name":"wp","href":"https:\/\/api.w.org\/{rel}","templated":true}]}}