{"id":1138,"date":"2020-11-02T13:48:59","date_gmt":"2020-11-02T11:48:59","guid":{"rendered":"https:\/\/valdauto.lt\/?post_type=product&#038;p=1138"},"modified":"2020-11-02T13:48:59","modified_gmt":"2020-11-02T11:48:59","slug":"mercedes-benz-glc-ausinimo-zarna-a2535019582","status":"publish","type":"product","link":"https:\/\/valdauto.lt\/?product=mercedes-benz-glc-ausinimo-zarna-a2535019582","title":{"rendered":"Mercedes Benz GLC au\u0161inimo \u017earna A2535019582"},"content":{"rendered":"<p>Mercedes Benz GLC au\u0161inimo \u017earna A2535019582<\/p>\n","protected":false},"excerpt":{"rendered":"<p>GLC modelio<\/p>\n","protected":false},"featured_media":1139,"template":"","meta":{"om_disable_all_campaigns":false,"_monsterinsights_skip_tracking":false,"_monsterinsights_sitenote_active":false,"_monsterinsights_sitenote_note":"","_monsterinsights_sitenote_category":0,"_uf_show_specific_survey":0,"_uf_disable_surveys":false,"slim_seo":{"title":"Mercedes Benz GLC au\u0161inimo \u017earna A2535019582","description":"Mercedes Benz GLC au\u0161inimo \u017earna A2535019582"}},"product_brand":[],"product_cat":[33],"product_tag":[199],"class_list":{"0":"post-1138","1":"product","2":"type-product","3":"status-publish","4":"has-post-thumbnail","6":"product_cat-mercedes-benz-variklio-dalys","7":"product_tag-a2535019582","9":"first","10":"instock","11":"taxable","12":"shipping-taxable","13":"purchasable","14":"product-type-simple","15":"berocket_lgv_grid","16":"berocket_lgv_list_grid"},"_links":{"self":[{"href":"https:\/\/valdauto.lt\/index.php?rest_route=\/wp\/v2\/product\/1138","targetHints":{"allow":["GET"]}}],"collection":[{"href":"https:\/\/valdauto.lt\/index.php?rest_route=\/wp\/v2\/product"}],"about":[{"href":"https:\/\/valdauto.lt\/index.php?rest_route=\/wp\/v2\/types\/product"}],"version-history":[{"count":1,"href":"https:\/\/valdauto.lt\/index.php?rest_route=\/wp\/v2\/product\/1138\/revisions"}],"predecessor-version":[{"id":1140,"href":"https:\/\/valdauto.lt\/index.php?rest_route=\/wp\/v2\/product\/1138\/revisions\/1140"}],"wp:featuredmedia":[{"embeddable":true,"href":"https:\/\/valdauto.lt\/index.php?rest_route=\/wp\/v2\/media\/1139"}],"wp:attachment":[{"href":"https:\/\/valdauto.lt\/index.php?rest_route=%2Fwp%2Fv2%2Fmedia&parent=1138"}],"wp:term":[{"taxonomy":"product_brand","embeddable":true,"href":"https:\/\/valdauto.lt\/index.php?rest_route=%2Fwp%2Fv2%2Fproduct_brand&post=1138"},{"taxonomy":"product_cat","embeddable":true,"href":"https:\/\/valdauto.lt\/index.php?rest_route=%2Fwp%2Fv2%2Fproduct_cat&post=1138"},{"taxonomy":"product_tag","embeddable":true,"href":"https:\/\/valdauto.lt\/index.php?rest_route=%2Fwp%2Fv2%2Fproduct_tag&post=1138"}],"curies":[{"name":"wp","href":"https:\/\/api.w.org\/{rel}","templated":true}]}}