{"id":1120,"date":"2020-11-02T13:12:52","date_gmt":"2020-11-02T11:12:52","guid":{"rendered":"https:\/\/valdauto.lt\/?post_type=product&#038;p=1120"},"modified":"2020-11-02T13:12:52","modified_gmt":"2020-11-02T11:12:52","slug":"mercedes-benz-ausinimo-zarna-a2135014982","status":"publish","type":"product","link":"https:\/\/valdauto.lt\/?product=mercedes-benz-ausinimo-zarna-a2135014982","title":{"rendered":"MERCEDES BENZ  Au\u0161inimo \u017earna A2135014982"},"content":{"rendered":"<p>Au\u0161inimo \u017earna A2135014982<\/p>\n","protected":false},"excerpt":{"rendered":"<p>GLC E klas\u0117s<\/p>\n","protected":false},"featured_media":1121,"template":"","meta":{"om_disable_all_campaigns":false,"_monsterinsights_skip_tracking":false,"_monsterinsights_sitenote_active":false,"_monsterinsights_sitenote_note":"","_monsterinsights_sitenote_category":0,"_uf_show_specific_survey":0,"_uf_disable_surveys":false,"slim_seo":{"title":"MERCEDES BENZ Au\u0161inimo \u017earna A2135014982","description":"MERCEDES BENZ Au\u0161inimo \u017earna A2135014982"}},"product_brand":[],"product_cat":[33],"product_tag":[193],"class_list":{"0":"post-1120","1":"product","2":"type-product","3":"status-publish","4":"has-post-thumbnail","6":"product_cat-mercedes-benz-variklio-dalys","7":"product_tag-a2135014982","9":"first","10":"instock","11":"taxable","12":"shipping-taxable","13":"purchasable","14":"product-type-simple","15":"berocket_lgv_grid","16":"berocket_lgv_list_grid"},"_links":{"self":[{"href":"https:\/\/valdauto.lt\/index.php?rest_route=\/wp\/v2\/product\/1120","targetHints":{"allow":["GET"]}}],"collection":[{"href":"https:\/\/valdauto.lt\/index.php?rest_route=\/wp\/v2\/product"}],"about":[{"href":"https:\/\/valdauto.lt\/index.php?rest_route=\/wp\/v2\/types\/product"}],"version-history":[{"count":1,"href":"https:\/\/valdauto.lt\/index.php?rest_route=\/wp\/v2\/product\/1120\/revisions"}],"predecessor-version":[{"id":1122,"href":"https:\/\/valdauto.lt\/index.php?rest_route=\/wp\/v2\/product\/1120\/revisions\/1122"}],"wp:featuredmedia":[{"embeddable":true,"href":"https:\/\/valdauto.lt\/index.php?rest_route=\/wp\/v2\/media\/1121"}],"wp:attachment":[{"href":"https:\/\/valdauto.lt\/index.php?rest_route=%2Fwp%2Fv2%2Fmedia&parent=1120"}],"wp:term":[{"taxonomy":"product_brand","embeddable":true,"href":"https:\/\/valdauto.lt\/index.php?rest_route=%2Fwp%2Fv2%2Fproduct_brand&post=1120"},{"taxonomy":"product_cat","embeddable":true,"href":"https:\/\/valdauto.lt\/index.php?rest_route=%2Fwp%2Fv2%2Fproduct_cat&post=1120"},{"taxonomy":"product_tag","embeddable":true,"href":"https:\/\/valdauto.lt\/index.php?rest_route=%2Fwp%2Fv2%2Fproduct_tag&post=1120"}],"curies":[{"name":"wp","href":"https:\/\/api.w.org\/{rel}","templated":true}]}}