{"id":1087,"date":"2020-11-02T11:24:56","date_gmt":"2020-11-02T09:24:56","guid":{"rendered":"https:\/\/valdauto.lt\/?post_type=product&#038;p=1087"},"modified":"2020-11-02T11:24:56","modified_gmt":"2020-11-02T09:24:56","slug":"mercedes-benz-galine-desine-h-formos-sake-a2059800","status":"publish","type":"product","link":"https:\/\/valdauto.lt\/?product=mercedes-benz-galine-desine-h-formos-sake-a2059800","title":{"rendered":"MERCEDES-BENZ Galin\u0117 de\u0161in\u0117 H &#8211; formos \u0161ak\u0117 A2059800"},"content":{"rendered":"<p>Tinka 63 modeliams<\/p>\n","protected":false},"excerpt":{"rendered":"<p>W205 W213<\/p>\n","protected":false},"featured_media":1081,"template":"","meta":{"om_disable_all_campaigns":false,"_monsterinsights_skip_tracking":false,"_monsterinsights_sitenote_active":false,"_monsterinsights_sitenote_note":"","_monsterinsights_sitenote_category":0,"_uf_show_specific_survey":0,"_uf_disable_surveys":false,"slim_seo":{"title":"MERCEDES-BENZ Galin\u0117 de\u0161in\u0117 H - formos \u0161ak\u0117 A2059800","description":"W205 W213"}},"product_brand":[],"product_cat":[15],"product_tag":[183],"class_list":{"0":"post-1087","1":"product","2":"type-product","3":"status-publish","4":"has-post-thumbnail","6":"product_cat-mercedes-benz-pakaba","7":"product_tag-a2059800","9":"first","10":"instock","11":"taxable","12":"shipping-taxable","13":"purchasable","14":"product-type-simple","15":"berocket_lgv_grid","16":"berocket_lgv_list_grid"},"_links":{"self":[{"href":"https:\/\/valdauto.lt\/index.php?rest_route=\/wp\/v2\/product\/1087","targetHints":{"allow":["GET"]}}],"collection":[{"href":"https:\/\/valdauto.lt\/index.php?rest_route=\/wp\/v2\/product"}],"about":[{"href":"https:\/\/valdauto.lt\/index.php?rest_route=\/wp\/v2\/types\/product"}],"version-history":[{"count":1,"href":"https:\/\/valdauto.lt\/index.php?rest_route=\/wp\/v2\/product\/1087\/revisions"}],"predecessor-version":[{"id":1088,"href":"https:\/\/valdauto.lt\/index.php?rest_route=\/wp\/v2\/product\/1087\/revisions\/1088"}],"wp:featuredmedia":[{"embeddable":true,"href":"https:\/\/valdauto.lt\/index.php?rest_route=\/wp\/v2\/media\/1081"}],"wp:attachment":[{"href":"https:\/\/valdauto.lt\/index.php?rest_route=%2Fwp%2Fv2%2Fmedia&parent=1087"}],"wp:term":[{"taxonomy":"product_brand","embeddable":true,"href":"https:\/\/valdauto.lt\/index.php?rest_route=%2Fwp%2Fv2%2Fproduct_brand&post=1087"},{"taxonomy":"product_cat","embeddable":true,"href":"https:\/\/valdauto.lt\/index.php?rest_route=%2Fwp%2Fv2%2Fproduct_cat&post=1087"},{"taxonomy":"product_tag","embeddable":true,"href":"https:\/\/valdauto.lt\/index.php?rest_route=%2Fwp%2Fv2%2Fproduct_tag&post=1087"}],"curies":[{"name":"wp","href":"https:\/\/api.w.org\/{rel}","templated":true}]}}