{"id":1085,"date":"2020-11-02T11:23:00","date_gmt":"2020-11-02T09:23:00","guid":{"rendered":"https:\/\/valdauto.lt\/?post_type=product&#038;p=1085"},"modified":"2020-11-02T11:23:01","modified_gmt":"2020-11-02T09:23:01","slug":"mercedes-benz-galine-sake-a2053520601","status":"publish","type":"product","link":"https:\/\/valdauto.lt\/?product=mercedes-benz-galine-sake-a2053520601","title":{"rendered":"MERCEDES-BENZ  Galin\u0117  \u0161ak\u0117 A2053520601"},"content":{"rendered":"<p>63 modeliams<\/p>\n","protected":false},"excerpt":{"rendered":"<p>W205 W213<\/p>\n","protected":false},"featured_media":1081,"template":"","meta":{"om_disable_all_campaigns":false,"_monsterinsights_skip_tracking":false,"_monsterinsights_sitenote_active":false,"_monsterinsights_sitenote_note":"","_monsterinsights_sitenote_category":0,"_uf_show_specific_survey":0,"_uf_disable_surveys":false,"slim_seo":{"title":"MERCEDES-BENZ Galin\u0117 \u0161ak\u0117 A2053520601","description":"W205 W213"}},"product_brand":[],"product_cat":[15],"product_tag":[182],"class_list":{"0":"post-1085","1":"product","2":"type-product","3":"status-publish","4":"has-post-thumbnail","6":"product_cat-mercedes-benz-pakaba","7":"product_tag-a2053520601","9":"first","10":"instock","11":"taxable","12":"shipping-taxable","13":"purchasable","14":"product-type-simple","15":"berocket_lgv_grid","16":"berocket_lgv_list_grid"},"_links":{"self":[{"href":"https:\/\/valdauto.lt\/index.php?rest_route=\/wp\/v2\/product\/1085","targetHints":{"allow":["GET"]}}],"collection":[{"href":"https:\/\/valdauto.lt\/index.php?rest_route=\/wp\/v2\/product"}],"about":[{"href":"https:\/\/valdauto.lt\/index.php?rest_route=\/wp\/v2\/types\/product"}],"version-history":[{"count":1,"href":"https:\/\/valdauto.lt\/index.php?rest_route=\/wp\/v2\/product\/1085\/revisions"}],"predecessor-version":[{"id":1086,"href":"https:\/\/valdauto.lt\/index.php?rest_route=\/wp\/v2\/product\/1085\/revisions\/1086"}],"wp:featuredmedia":[{"embeddable":true,"href":"https:\/\/valdauto.lt\/index.php?rest_route=\/wp\/v2\/media\/1081"}],"wp:attachment":[{"href":"https:\/\/valdauto.lt\/index.php?rest_route=%2Fwp%2Fv2%2Fmedia&parent=1085"}],"wp:term":[{"taxonomy":"product_brand","embeddable":true,"href":"https:\/\/valdauto.lt\/index.php?rest_route=%2Fwp%2Fv2%2Fproduct_brand&post=1085"},{"taxonomy":"product_cat","embeddable":true,"href":"https:\/\/valdauto.lt\/index.php?rest_route=%2Fwp%2Fv2%2Fproduct_cat&post=1085"},{"taxonomy":"product_tag","embeddable":true,"href":"https:\/\/valdauto.lt\/index.php?rest_route=%2Fwp%2Fv2%2Fproduct_tag&post=1085"}],"curies":[{"name":"wp","href":"https:\/\/api.w.org\/{rel}","templated":true}]}}