{"id":1083,"date":"2020-11-02T11:19:28","date_gmt":"2020-11-02T09:19:28","guid":{"rendered":"https:\/\/valdauto.lt\/?post_type=product&#038;p=1083"},"modified":"2020-11-02T11:19:28","modified_gmt":"2020-11-02T09:19:28","slug":"mercedes-benz-galine-sake-a2053520501","status":"publish","type":"product","link":"https:\/\/valdauto.lt\/?product=mercedes-benz-galine-sake-a2053520501","title":{"rendered":"MERCEDES-BENZ  Galin\u0117 \u0161ak\u0117 A2053520501"},"content":{"rendered":"<p>Nuo c63 W205<\/p>\n","protected":false},"excerpt":{"rendered":"<p>Tinka daugelis 63 modeliams W205 W213<\/p>\n","protected":false},"featured_media":1081,"template":"","meta":{"om_disable_all_campaigns":false,"_monsterinsights_skip_tracking":false,"_monsterinsights_sitenote_active":false,"_monsterinsights_sitenote_note":"","_monsterinsights_sitenote_category":0,"_uf_show_specific_survey":0,"_uf_disable_surveys":false,"slim_seo":{"title":"MERCEDES-BENZ Galin\u0117 \u0161ak\u0117 A2053520501 - Mercedes benz naudotos dalys","description":"Tinka daugelis 63 modeliams W205 W213"}},"product_brand":[],"product_cat":[15],"product_tag":[181],"class_list":{"0":"post-1083","1":"product","2":"type-product","3":"status-publish","4":"has-post-thumbnail","6":"product_cat-mercedes-benz-pakaba","7":"product_tag-a2053520501","9":"first","10":"instock","11":"taxable","12":"shipping-taxable","13":"purchasable","14":"product-type-simple","15":"berocket_lgv_grid","16":"berocket_lgv_list_grid"},"_links":{"self":[{"href":"https:\/\/valdauto.lt\/index.php?rest_route=\/wp\/v2\/product\/1083","targetHints":{"allow":["GET"]}}],"collection":[{"href":"https:\/\/valdauto.lt\/index.php?rest_route=\/wp\/v2\/product"}],"about":[{"href":"https:\/\/valdauto.lt\/index.php?rest_route=\/wp\/v2\/types\/product"}],"version-history":[{"count":1,"href":"https:\/\/valdauto.lt\/index.php?rest_route=\/wp\/v2\/product\/1083\/revisions"}],"predecessor-version":[{"id":1084,"href":"https:\/\/valdauto.lt\/index.php?rest_route=\/wp\/v2\/product\/1083\/revisions\/1084"}],"wp:featuredmedia":[{"embeddable":true,"href":"https:\/\/valdauto.lt\/index.php?rest_route=\/wp\/v2\/media\/1081"}],"wp:attachment":[{"href":"https:\/\/valdauto.lt\/index.php?rest_route=%2Fwp%2Fv2%2Fmedia&parent=1083"}],"wp:term":[{"taxonomy":"product_brand","embeddable":true,"href":"https:\/\/valdauto.lt\/index.php?rest_route=%2Fwp%2Fv2%2Fproduct_brand&post=1083"},{"taxonomy":"product_cat","embeddable":true,"href":"https:\/\/valdauto.lt\/index.php?rest_route=%2Fwp%2Fv2%2Fproduct_cat&post=1083"},{"taxonomy":"product_tag","embeddable":true,"href":"https:\/\/valdauto.lt\/index.php?rest_route=%2Fwp%2Fv2%2Fproduct_tag&post=1083"}],"curies":[{"name":"wp","href":"https:\/\/api.w.org\/{rel}","templated":true}]}}