{"id":1077,"date":"2020-11-02T11:12:44","date_gmt":"2020-11-02T09:12:44","guid":{"rendered":"https:\/\/valdauto.lt\/?post_type=product&#038;p=1077"},"modified":"2020-11-02T11:12:44","modified_gmt":"2020-11-02T09:12:44","slug":"mercedes-benz-glc-kairys-bagazines-apmusimas-a2536900144","status":"publish","type":"product","link":"https:\/\/valdauto.lt\/?product=mercedes-benz-glc-kairys-bagazines-apmusimas-a2536900144","title":{"rendered":"MERCEDES-BENZ GLC  Kairys baga\u017ein\u0117s apmu\u0161imas A2536900144"},"content":{"rendered":"<p>GLC modeliui<\/p>\n","protected":false},"excerpt":{"rendered":"<p>Juodas<\/p>\n","protected":false},"featured_media":1078,"template":"","meta":{"om_disable_all_campaigns":false,"_monsterinsights_skip_tracking":false,"_monsterinsights_sitenote_active":false,"_monsterinsights_sitenote_note":"","_monsterinsights_sitenote_category":0,"_uf_show_specific_survey":0,"_uf_disable_surveys":false,"slim_seo":{"title":"MERCEDES-BENZ GLC Kairys baga\u017ein\u0117s apmu\u0161imas A2536900144","description":"Juodas"}},"product_brand":[],"product_cat":[31],"product_tag":[179],"class_list":{"0":"post-1077","1":"product","2":"type-product","3":"status-publish","4":"has-post-thumbnail","6":"product_cat-mercedes-benz-salono-komforto-aksesuarai","7":"product_tag-a2536900144","9":"first","10":"instock","11":"taxable","12":"shipping-taxable","13":"purchasable","14":"product-type-simple","15":"berocket_lgv_grid","16":"berocket_lgv_list_grid"},"_links":{"self":[{"href":"https:\/\/valdauto.lt\/index.php?rest_route=\/wp\/v2\/product\/1077","targetHints":{"allow":["GET"]}}],"collection":[{"href":"https:\/\/valdauto.lt\/index.php?rest_route=\/wp\/v2\/product"}],"about":[{"href":"https:\/\/valdauto.lt\/index.php?rest_route=\/wp\/v2\/types\/product"}],"version-history":[{"count":1,"href":"https:\/\/valdauto.lt\/index.php?rest_route=\/wp\/v2\/product\/1077\/revisions"}],"predecessor-version":[{"id":1079,"href":"https:\/\/valdauto.lt\/index.php?rest_route=\/wp\/v2\/product\/1077\/revisions\/1079"}],"wp:featuredmedia":[{"embeddable":true,"href":"https:\/\/valdauto.lt\/index.php?rest_route=\/wp\/v2\/media\/1078"}],"wp:attachment":[{"href":"https:\/\/valdauto.lt\/index.php?rest_route=%2Fwp%2Fv2%2Fmedia&parent=1077"}],"wp:term":[{"taxonomy":"product_brand","embeddable":true,"href":"https:\/\/valdauto.lt\/index.php?rest_route=%2Fwp%2Fv2%2Fproduct_brand&post=1077"},{"taxonomy":"product_cat","embeddable":true,"href":"https:\/\/valdauto.lt\/index.php?rest_route=%2Fwp%2Fv2%2Fproduct_cat&post=1077"},{"taxonomy":"product_tag","embeddable":true,"href":"https:\/\/valdauto.lt\/index.php?rest_route=%2Fwp%2Fv2%2Fproduct_tag&post=1077"}],"curies":[{"name":"wp","href":"https:\/\/api.w.org\/{rel}","templated":true}]}}