{"id":1074,"date":"2020-11-02T11:07:20","date_gmt":"2020-11-02T09:07:20","guid":{"rendered":"https:\/\/valdauto.lt\/?post_type=product&#038;p=1074"},"modified":"2020-11-02T11:07:20","modified_gmt":"2020-11-02T09:07:20","slug":"mercedes-benz-glc-priekinis-kairys-pusasis-a2533302200","status":"publish","type":"product","link":"https:\/\/valdauto.lt\/?product=mercedes-benz-glc-priekinis-kairys-pusasis-a2533302200","title":{"rendered":"MERCEDES-BENZ GLC  Priekinis kairys pusa\u0161is A2533302200"},"content":{"rendered":"<p>Mercedes Benz GLC X253 kair\u0117s pus\u0117s pusa\u0161is<\/p>\n","protected":false},"excerpt":{"rendered":"<p>Kair\u0117 pus\u0117<\/p>\n","protected":false},"featured_media":1075,"template":"","meta":{"om_disable_all_campaigns":false,"_monsterinsights_skip_tracking":false,"_monsterinsights_sitenote_active":false,"_monsterinsights_sitenote_note":"","_monsterinsights_sitenote_category":0,"_uf_show_specific_survey":0,"_uf_disable_surveys":false,"slim_seo":{"title":"MERCEDES-BENZ GLC Priekinis kairys pusa\u0161is A2533302200","description":"Kair\u0117 pus\u0117"}},"product_brand":[],"product_cat":[15],"product_tag":[178],"class_list":{"0":"post-1074","1":"product","2":"type-product","3":"status-publish","4":"has-post-thumbnail","6":"product_cat-mercedes-benz-pakaba","7":"product_tag-a2533302200","9":"first","10":"instock","11":"taxable","12":"shipping-taxable","13":"purchasable","14":"product-type-simple","15":"berocket_lgv_grid","16":"berocket_lgv_list_grid"},"_links":{"self":[{"href":"https:\/\/valdauto.lt\/index.php?rest_route=\/wp\/v2\/product\/1074","targetHints":{"allow":["GET"]}}],"collection":[{"href":"https:\/\/valdauto.lt\/index.php?rest_route=\/wp\/v2\/product"}],"about":[{"href":"https:\/\/valdauto.lt\/index.php?rest_route=\/wp\/v2\/types\/product"}],"version-history":[{"count":1,"href":"https:\/\/valdauto.lt\/index.php?rest_route=\/wp\/v2\/product\/1074\/revisions"}],"predecessor-version":[{"id":1076,"href":"https:\/\/valdauto.lt\/index.php?rest_route=\/wp\/v2\/product\/1074\/revisions\/1076"}],"wp:featuredmedia":[{"embeddable":true,"href":"https:\/\/valdauto.lt\/index.php?rest_route=\/wp\/v2\/media\/1075"}],"wp:attachment":[{"href":"https:\/\/valdauto.lt\/index.php?rest_route=%2Fwp%2Fv2%2Fmedia&parent=1074"}],"wp:term":[{"taxonomy":"product_brand","embeddable":true,"href":"https:\/\/valdauto.lt\/index.php?rest_route=%2Fwp%2Fv2%2Fproduct_brand&post=1074"},{"taxonomy":"product_cat","embeddable":true,"href":"https:\/\/valdauto.lt\/index.php?rest_route=%2Fwp%2Fv2%2Fproduct_cat&post=1074"},{"taxonomy":"product_tag","embeddable":true,"href":"https:\/\/valdauto.lt\/index.php?rest_route=%2Fwp%2Fv2%2Fproduct_tag&post=1074"}],"curies":[{"name":"wp","href":"https:\/\/api.w.org\/{rel}","templated":true}]}}