{"id":1071,"date":"2020-11-02T11:02:10","date_gmt":"2020-11-02T09:02:10","guid":{"rendered":"https:\/\/valdauto.lt\/?post_type=product&#038;p=1071"},"modified":"2020-11-02T11:02:10","modified_gmt":"2020-11-02T09:02:10","slug":"mercedes-benz-glc-priekinis-desinys-amortizatorius-a2533203066","status":"publish","type":"product","link":"https:\/\/valdauto.lt\/?product=mercedes-benz-glc-priekinis-desinys-amortizatorius-a2533203066","title":{"rendered":"MERCEDES BENZ GLC  Priekinis de\u0161inys amortizatorius A2533203066"},"content":{"rendered":"<p>Priekinis de\u0161in\u0117s pus\u0117s amortizatorius A2533203066<\/p>\n","protected":false},"excerpt":{"rendered":"<p>Tinka ir GLC Coupe modeliui<\/p>\n","protected":false},"featured_media":1072,"template":"","meta":{"om_disable_all_campaigns":false,"_monsterinsights_skip_tracking":false,"_monsterinsights_sitenote_active":false,"_monsterinsights_sitenote_note":"","_monsterinsights_sitenote_category":0,"_uf_show_specific_survey":0,"_uf_disable_surveys":false,"slim_seo":{"title":"MERCEDES BENZ GLC Priekinis de\u0161inys amortizatorius","description":"Tinka ir GLC Coupe modeliui"}},"product_brand":[],"product_cat":[15],"product_tag":[177],"class_list":{"0":"post-1071","1":"product","2":"type-product","3":"status-publish","4":"has-post-thumbnail","6":"product_cat-mercedes-benz-pakaba","7":"product_tag-a2533203066","9":"first","10":"instock","11":"taxable","12":"shipping-taxable","13":"purchasable","14":"product-type-simple","15":"berocket_lgv_grid","16":"berocket_lgv_list_grid"},"_links":{"self":[{"href":"https:\/\/valdauto.lt\/index.php?rest_route=\/wp\/v2\/product\/1071","targetHints":{"allow":["GET"]}}],"collection":[{"href":"https:\/\/valdauto.lt\/index.php?rest_route=\/wp\/v2\/product"}],"about":[{"href":"https:\/\/valdauto.lt\/index.php?rest_route=\/wp\/v2\/types\/product"}],"version-history":[{"count":1,"href":"https:\/\/valdauto.lt\/index.php?rest_route=\/wp\/v2\/product\/1071\/revisions"}],"predecessor-version":[{"id":1073,"href":"https:\/\/valdauto.lt\/index.php?rest_route=\/wp\/v2\/product\/1071\/revisions\/1073"}],"wp:featuredmedia":[{"embeddable":true,"href":"https:\/\/valdauto.lt\/index.php?rest_route=\/wp\/v2\/media\/1072"}],"wp:attachment":[{"href":"https:\/\/valdauto.lt\/index.php?rest_route=%2Fwp%2Fv2%2Fmedia&parent=1071"}],"wp:term":[{"taxonomy":"product_brand","embeddable":true,"href":"https:\/\/valdauto.lt\/index.php?rest_route=%2Fwp%2Fv2%2Fproduct_brand&post=1071"},{"taxonomy":"product_cat","embeddable":true,"href":"https:\/\/valdauto.lt\/index.php?rest_route=%2Fwp%2Fv2%2Fproduct_cat&post=1071"},{"taxonomy":"product_tag","embeddable":true,"href":"https:\/\/valdauto.lt\/index.php?rest_route=%2Fwp%2Fv2%2Fproduct_tag&post=1071"}],"curies":[{"name":"wp","href":"https:\/\/api.w.org\/{rel}","templated":true}]}}