{"id":1064,"date":"2020-11-02T10:52:55","date_gmt":"2020-11-02T08:52:55","guid":{"rendered":"https:\/\/valdauto.lt\/?post_type=product&#038;p=1064"},"modified":"2020-11-02T10:52:55","modified_gmt":"2020-11-02T08:52:55","slug":"mercedes-benz-glc-priekiniai-zibintai","status":"publish","type":"product","link":"https:\/\/valdauto.lt\/?product=mercedes-benz-glc-priekiniai-zibintai","title":{"rendered":"Mercedes Benz GLC priekiniai \u017eibintai"},"content":{"rendered":"<p>Priekiniai GLC X253 vieno l\u0119\u0161io LED \u017eibintai ( komplektas )<\/p>\n","protected":false},"excerpt":{"rendered":"<p>Tinka GLC GLC modeliams<\/p>\n","protected":false},"featured_media":1066,"template":"","meta":{"om_disable_all_campaigns":false,"_monsterinsights_skip_tracking":false,"_monsterinsights_sitenote_active":false,"_monsterinsights_sitenote_note":"","_monsterinsights_sitenote_category":0,"_uf_show_specific_survey":0,"_uf_disable_surveys":false,"slim_seo":{"title":"Mercedes Benz GLC priekiniai \u017eibintai","description":"Tinka GLC GLC modeliams"}},"product_brand":[],"product_cat":[21],"product_tag":[],"class_list":{"0":"post-1064","1":"product","2":"type-product","3":"status-publish","4":"has-post-thumbnail","6":"product_cat-mercedes-benz-zibintai","8":"first","9":"instock","10":"taxable","11":"shipping-taxable","12":"purchasable","13":"product-type-simple","14":"berocket_lgv_grid","15":"berocket_lgv_list_grid"},"_links":{"self":[{"href":"https:\/\/valdauto.lt\/index.php?rest_route=\/wp\/v2\/product\/1064","targetHints":{"allow":["GET"]}}],"collection":[{"href":"https:\/\/valdauto.lt\/index.php?rest_route=\/wp\/v2\/product"}],"about":[{"href":"https:\/\/valdauto.lt\/index.php?rest_route=\/wp\/v2\/types\/product"}],"version-history":[{"count":1,"href":"https:\/\/valdauto.lt\/index.php?rest_route=\/wp\/v2\/product\/1064\/revisions"}],"predecessor-version":[{"id":1067,"href":"https:\/\/valdauto.lt\/index.php?rest_route=\/wp\/v2\/product\/1064\/revisions\/1067"}],"wp:featuredmedia":[{"embeddable":true,"href":"https:\/\/valdauto.lt\/index.php?rest_route=\/wp\/v2\/media\/1066"}],"wp:attachment":[{"href":"https:\/\/valdauto.lt\/index.php?rest_route=%2Fwp%2Fv2%2Fmedia&parent=1064"}],"wp:term":[{"taxonomy":"product_brand","embeddable":true,"href":"https:\/\/valdauto.lt\/index.php?rest_route=%2Fwp%2Fv2%2Fproduct_brand&post=1064"},{"taxonomy":"product_cat","embeddable":true,"href":"https:\/\/valdauto.lt\/index.php?rest_route=%2Fwp%2Fv2%2Fproduct_cat&post=1064"},{"taxonomy":"product_tag","embeddable":true,"href":"https:\/\/valdauto.lt\/index.php?rest_route=%2Fwp%2Fv2%2Fproduct_tag&post=1064"}],"curies":[{"name":"wp","href":"https:\/\/api.w.org\/{rel}","templated":true}]}}