{"id":1035,"date":"2020-10-31T18:55:10","date_gmt":"2020-10-31T16:55:10","guid":{"rendered":"https:\/\/valdauto.lt\/?post_type=product&#038;p=1035"},"modified":"2020-10-31T18:55:10","modified_gmt":"2020-10-31T16:55:10","slug":"mercedes-benz-glc-x253-priekinis-kaires-zibinto-valdymo-blokas-a2539066700","status":"publish","type":"product","link":"https:\/\/valdauto.lt\/?product=mercedes-benz-glc-x253-priekinis-kaires-zibinto-valdymo-blokas-a2539066700","title":{"rendered":"MERCEDES-BENZ GLC (X253) Priekinis kair\u0117s \u017eibinto valdymo blokas A2539066700"},"content":{"rendered":"<p>Kair\u0117s pus\u0117s<\/p>\n","protected":false},"excerpt":{"rendered":"<p>GLC GLC Coupe<\/p>\n","protected":false},"featured_media":1036,"template":"","meta":{"om_disable_all_campaigns":false,"_monsterinsights_skip_tracking":false,"_monsterinsights_sitenote_active":false,"_monsterinsights_sitenote_note":"","_monsterinsights_sitenote_category":0,"_uf_show_specific_survey":0,"_uf_disable_surveys":false,"slim_seo":{"title":"MERCEDES-BENZ GLC (X253) Priekinis kair\u0117s \u017eibinto valdymo blokas A2539066700","description":"GLC GLC Coupe"}},"product_brand":[],"product_cat":[22,21],"product_tag":[171],"class_list":{"0":"post-1035","1":"product","2":"type-product","3":"status-publish","4":"has-post-thumbnail","6":"product_cat-mercedes-benz-elektronika","7":"product_cat-mercedes-benz-zibintai","8":"product_tag-a2539066700","10":"first","11":"instock","12":"taxable","13":"shipping-taxable","14":"purchasable","15":"product-type-simple","16":"berocket_lgv_grid","17":"berocket_lgv_list_grid"},"_links":{"self":[{"href":"https:\/\/valdauto.lt\/index.php?rest_route=\/wp\/v2\/product\/1035","targetHints":{"allow":["GET"]}}],"collection":[{"href":"https:\/\/valdauto.lt\/index.php?rest_route=\/wp\/v2\/product"}],"about":[{"href":"https:\/\/valdauto.lt\/index.php?rest_route=\/wp\/v2\/types\/product"}],"version-history":[{"count":1,"href":"https:\/\/valdauto.lt\/index.php?rest_route=\/wp\/v2\/product\/1035\/revisions"}],"predecessor-version":[{"id":1037,"href":"https:\/\/valdauto.lt\/index.php?rest_route=\/wp\/v2\/product\/1035\/revisions\/1037"}],"wp:featuredmedia":[{"embeddable":true,"href":"https:\/\/valdauto.lt\/index.php?rest_route=\/wp\/v2\/media\/1036"}],"wp:attachment":[{"href":"https:\/\/valdauto.lt\/index.php?rest_route=%2Fwp%2Fv2%2Fmedia&parent=1035"}],"wp:term":[{"taxonomy":"product_brand","embeddable":true,"href":"https:\/\/valdauto.lt\/index.php?rest_route=%2Fwp%2Fv2%2Fproduct_brand&post=1035"},{"taxonomy":"product_cat","embeddable":true,"href":"https:\/\/valdauto.lt\/index.php?rest_route=%2Fwp%2Fv2%2Fproduct_cat&post=1035"},{"taxonomy":"product_tag","embeddable":true,"href":"https:\/\/valdauto.lt\/index.php?rest_route=%2Fwp%2Fv2%2Fproduct_tag&post=1035"}],"curies":[{"name":"wp","href":"https:\/\/api.w.org\/{rel}","templated":true}]}}