{"id":1029,"date":"2020-10-31T18:48:32","date_gmt":"2020-10-31T16:48:32","guid":{"rendered":"https:\/\/valdauto.lt\/?post_type=product&#038;p=1029"},"modified":"2020-10-31T18:48:33","modified_gmt":"2020-10-31T16:48:33","slug":"continental-a2059005010-led-zibinto-valdymo-blokas","status":"publish","type":"product","link":"https:\/\/valdauto.lt\/?product=continental-a2059005010-led-zibinto-valdymo-blokas","title":{"rendered":"Continental A2059005010 LED \u017dibinto valdymo blokas"},"content":{"rendered":"<p>Tinka W205 LED \u017eibintui<\/p>\n","protected":false},"excerpt":{"rendered":"<p>W205 k\u0117bulo LED \u017eibinto<\/p>\n","protected":false},"featured_media":1030,"template":"","meta":{"om_disable_all_campaigns":false,"_monsterinsights_skip_tracking":false,"_monsterinsights_sitenote_active":false,"_monsterinsights_sitenote_note":"","_monsterinsights_sitenote_category":0,"_uf_show_specific_survey":0,"_uf_disable_surveys":false,"slim_seo":{"title":"Continental A2059005010 LED \u017dibinto valdymo blokas","description":"W205 k\u0117bulo LED \u017eibinto"}},"product_brand":[],"product_cat":[22,21],"product_tag":[169],"class_list":{"0":"post-1029","1":"product","2":"type-product","3":"status-publish","4":"has-post-thumbnail","6":"product_cat-mercedes-benz-elektronika","7":"product_cat-mercedes-benz-zibintai","8":"product_tag-a2059005010","10":"first","11":"instock","12":"taxable","13":"shipping-taxable","14":"purchasable","15":"product-type-simple","16":"berocket_lgv_grid","17":"berocket_lgv_list_grid"},"_links":{"self":[{"href":"https:\/\/valdauto.lt\/index.php?rest_route=\/wp\/v2\/product\/1029","targetHints":{"allow":["GET"]}}],"collection":[{"href":"https:\/\/valdauto.lt\/index.php?rest_route=\/wp\/v2\/product"}],"about":[{"href":"https:\/\/valdauto.lt\/index.php?rest_route=\/wp\/v2\/types\/product"}],"version-history":[{"count":1,"href":"https:\/\/valdauto.lt\/index.php?rest_route=\/wp\/v2\/product\/1029\/revisions"}],"predecessor-version":[{"id":1031,"href":"https:\/\/valdauto.lt\/index.php?rest_route=\/wp\/v2\/product\/1029\/revisions\/1031"}],"wp:featuredmedia":[{"embeddable":true,"href":"https:\/\/valdauto.lt\/index.php?rest_route=\/wp\/v2\/media\/1030"}],"wp:attachment":[{"href":"https:\/\/valdauto.lt\/index.php?rest_route=%2Fwp%2Fv2%2Fmedia&parent=1029"}],"wp:term":[{"taxonomy":"product_brand","embeddable":true,"href":"https:\/\/valdauto.lt\/index.php?rest_route=%2Fwp%2Fv2%2Fproduct_brand&post=1029"},{"taxonomy":"product_cat","embeddable":true,"href":"https:\/\/valdauto.lt\/index.php?rest_route=%2Fwp%2Fv2%2Fproduct_cat&post=1029"},{"taxonomy":"product_tag","embeddable":true,"href":"https:\/\/valdauto.lt\/index.php?rest_route=%2Fwp%2Fv2%2Fproduct_tag&post=1029"}],"curies":[{"name":"wp","href":"https:\/\/api.w.org\/{rel}","templated":true}]}}