{"id":1020,"date":"2020-10-31T18:24:59","date_gmt":"2020-10-31T16:24:59","guid":{"rendered":"https:\/\/valdauto.lt\/?post_type=product&#038;p=1020"},"modified":"2020-10-31T18:24:59","modified_gmt":"2020-10-31T16:24:59","slug":"mercedes-benz-glc-statramscio-apdaila-apatine-a2536900625","status":"publish","type":"product","link":"https:\/\/valdauto.lt\/?product=mercedes-benz-glc-statramscio-apdaila-apatine-a2536900625","title":{"rendered":"MERCEDES-BENZ GLC  STATRAMS\u010cIO APDAILA (APATIN\u0116) A2536900625"},"content":{"rendered":"<p>GLC GLC coupe modeliui<\/p>\n","protected":false},"excerpt":{"rendered":"<p>De\u0161in\u0117 pus\u0117<\/p>\n","protected":false},"featured_media":1021,"template":"","meta":{"om_disable_all_campaigns":false,"_monsterinsights_skip_tracking":false,"_monsterinsights_sitenote_active":false,"_monsterinsights_sitenote_note":"","_monsterinsights_sitenote_category":0,"_uf_show_specific_survey":0,"_uf_disable_surveys":false,"slim_seo":{"title":"MERCEDES-BENZ GLC STATRAMS\u010cIO APDAILA (APATIN\u0116) A2536900625","description":"De\u0161in\u0117 pus\u0117"}},"product_brand":[],"product_cat":[31],"product_tag":[167],"class_list":{"0":"post-1020","1":"product","2":"type-product","3":"status-publish","4":"has-post-thumbnail","6":"product_cat-mercedes-benz-salono-komforto-aksesuarai","7":"product_tag-a2536900625","9":"first","10":"instock","11":"taxable","12":"shipping-taxable","13":"purchasable","14":"product-type-simple","15":"berocket_lgv_grid","16":"berocket_lgv_list_grid"},"_links":{"self":[{"href":"https:\/\/valdauto.lt\/index.php?rest_route=\/wp\/v2\/product\/1020","targetHints":{"allow":["GET"]}}],"collection":[{"href":"https:\/\/valdauto.lt\/index.php?rest_route=\/wp\/v2\/product"}],"about":[{"href":"https:\/\/valdauto.lt\/index.php?rest_route=\/wp\/v2\/types\/product"}],"version-history":[{"count":1,"href":"https:\/\/valdauto.lt\/index.php?rest_route=\/wp\/v2\/product\/1020\/revisions"}],"predecessor-version":[{"id":1022,"href":"https:\/\/valdauto.lt\/index.php?rest_route=\/wp\/v2\/product\/1020\/revisions\/1022"}],"wp:featuredmedia":[{"embeddable":true,"href":"https:\/\/valdauto.lt\/index.php?rest_route=\/wp\/v2\/media\/1021"}],"wp:attachment":[{"href":"https:\/\/valdauto.lt\/index.php?rest_route=%2Fwp%2Fv2%2Fmedia&parent=1020"}],"wp:term":[{"taxonomy":"product_brand","embeddable":true,"href":"https:\/\/valdauto.lt\/index.php?rest_route=%2Fwp%2Fv2%2Fproduct_brand&post=1020"},{"taxonomy":"product_cat","embeddable":true,"href":"https:\/\/valdauto.lt\/index.php?rest_route=%2Fwp%2Fv2%2Fproduct_cat&post=1020"},{"taxonomy":"product_tag","embeddable":true,"href":"https:\/\/valdauto.lt\/index.php?rest_route=%2Fwp%2Fv2%2Fproduct_tag&post=1020"}],"curies":[{"name":"wp","href":"https:\/\/api.w.org\/{rel}","templated":true}]}}