{"id":1017,"date":"2020-10-31T18:22:19","date_gmt":"2020-10-31T16:22:19","guid":{"rendered":"https:\/\/valdauto.lt\/?post_type=product&#038;p=1017"},"modified":"2020-10-31T18:22:19","modified_gmt":"2020-10-31T16:22:19","slug":"mercedes-benz-glc-statramscio-apdaila-apatine-a2536900525","status":"publish","type":"product","link":"https:\/\/valdauto.lt\/?product=mercedes-benz-glc-statramscio-apdaila-apatine-a2536900525","title":{"rendered":"MERCEDES-BENZ GLC  STATRAMS\u010cIO APDAILA (APATIN\u0116) A2536900525"},"content":{"rendered":"<p>GLC GLC coupe<\/p>\n","protected":false},"excerpt":{"rendered":"<p>Kair\u0117s pus\u0117s<\/p>\n","protected":false},"featured_media":1018,"template":"","meta":{"om_disable_all_campaigns":false,"_monsterinsights_skip_tracking":false,"_monsterinsights_sitenote_active":false,"_monsterinsights_sitenote_note":"","_monsterinsights_sitenote_category":0,"_uf_show_specific_survey":0,"_uf_disable_surveys":false,"slim_seo":{"title":"MERCEDES-BENZ GLC STATRAMS\u010cIO APDAILA (APATIN\u0116) A2536900525","description":"Kair\u0117s pus\u0117s"}},"product_brand":[],"product_cat":[31],"product_tag":[166],"class_list":{"0":"post-1017","1":"product","2":"type-product","3":"status-publish","4":"has-post-thumbnail","6":"product_cat-mercedes-benz-salono-komforto-aksesuarai","7":"product_tag-a2536900525","9":"first","10":"instock","11":"taxable","12":"shipping-taxable","13":"purchasable","14":"product-type-simple","15":"berocket_lgv_grid","16":"berocket_lgv_list_grid"},"_links":{"self":[{"href":"https:\/\/valdauto.lt\/index.php?rest_route=\/wp\/v2\/product\/1017","targetHints":{"allow":["GET"]}}],"collection":[{"href":"https:\/\/valdauto.lt\/index.php?rest_route=\/wp\/v2\/product"}],"about":[{"href":"https:\/\/valdauto.lt\/index.php?rest_route=\/wp\/v2\/types\/product"}],"version-history":[{"count":1,"href":"https:\/\/valdauto.lt\/index.php?rest_route=\/wp\/v2\/product\/1017\/revisions"}],"predecessor-version":[{"id":1019,"href":"https:\/\/valdauto.lt\/index.php?rest_route=\/wp\/v2\/product\/1017\/revisions\/1019"}],"wp:featuredmedia":[{"embeddable":true,"href":"https:\/\/valdauto.lt\/index.php?rest_route=\/wp\/v2\/media\/1018"}],"wp:attachment":[{"href":"https:\/\/valdauto.lt\/index.php?rest_route=%2Fwp%2Fv2%2Fmedia&parent=1017"}],"wp:term":[{"taxonomy":"product_brand","embeddable":true,"href":"https:\/\/valdauto.lt\/index.php?rest_route=%2Fwp%2Fv2%2Fproduct_brand&post=1017"},{"taxonomy":"product_cat","embeddable":true,"href":"https:\/\/valdauto.lt\/index.php?rest_route=%2Fwp%2Fv2%2Fproduct_cat&post=1017"},{"taxonomy":"product_tag","embeddable":true,"href":"https:\/\/valdauto.lt\/index.php?rest_route=%2Fwp%2Fv2%2Fproduct_tag&post=1017"}],"curies":[{"name":"wp","href":"https:\/\/api.w.org\/{rel}","templated":true}]}}