{"id":1014,"date":"2020-10-31T18:01:05","date_gmt":"2020-10-31T16:01:05","guid":{"rendered":"https:\/\/valdauto.lt\/?post_type=product&#038;p=1014"},"modified":"2020-10-31T18:01:05","modified_gmt":"2020-10-31T16:01:05","slug":"mercedes-benz-variklio-dekoratyvine-plastmase-a2740106707","status":"publish","type":"product","link":"https:\/\/valdauto.lt\/?product=mercedes-benz-variklio-dekoratyvine-plastmase-a2740106707","title":{"rendered":"MERCEDES-BENZ  Variklio dekoratyvin\u0117 plastmas\u0117 A2740106707"},"content":{"rendered":"<p>Tinka daugeliui modeli\u0173 su benzinini\u0173 varikli\u0173<\/p>\n","protected":false},"excerpt":{"rendered":"<p>W205 X253 kebuliai<\/p>\n","protected":false},"featured_media":1015,"template":"","meta":{"om_disable_all_campaigns":false,"_monsterinsights_skip_tracking":false,"_monsterinsights_sitenote_active":false,"_monsterinsights_sitenote_note":"","_monsterinsights_sitenote_category":0,"_uf_show_specific_survey":0,"_uf_disable_surveys":false,"slim_seo":{"title":"MERCEDES-BENZ Variklio dekoratyvin\u0117 plastmas\u0117 A2740106707","description":"W205 X253 kebuliai"}},"product_brand":[],"product_cat":[33],"product_tag":[165],"class_list":{"0":"post-1014","1":"product","2":"type-product","3":"status-publish","4":"has-post-thumbnail","6":"product_cat-mercedes-benz-variklio-dalys","7":"product_tag-a2740106707","9":"first","10":"instock","11":"taxable","12":"shipping-taxable","13":"purchasable","14":"product-type-simple","15":"berocket_lgv_grid","16":"berocket_lgv_list_grid"},"_links":{"self":[{"href":"https:\/\/valdauto.lt\/index.php?rest_route=\/wp\/v2\/product\/1014","targetHints":{"allow":["GET"]}}],"collection":[{"href":"https:\/\/valdauto.lt\/index.php?rest_route=\/wp\/v2\/product"}],"about":[{"href":"https:\/\/valdauto.lt\/index.php?rest_route=\/wp\/v2\/types\/product"}],"version-history":[{"count":1,"href":"https:\/\/valdauto.lt\/index.php?rest_route=\/wp\/v2\/product\/1014\/revisions"}],"predecessor-version":[{"id":1016,"href":"https:\/\/valdauto.lt\/index.php?rest_route=\/wp\/v2\/product\/1014\/revisions\/1016"}],"wp:featuredmedia":[{"embeddable":true,"href":"https:\/\/valdauto.lt\/index.php?rest_route=\/wp\/v2\/media\/1015"}],"wp:attachment":[{"href":"https:\/\/valdauto.lt\/index.php?rest_route=%2Fwp%2Fv2%2Fmedia&parent=1014"}],"wp:term":[{"taxonomy":"product_brand","embeddable":true,"href":"https:\/\/valdauto.lt\/index.php?rest_route=%2Fwp%2Fv2%2Fproduct_brand&post=1014"},{"taxonomy":"product_cat","embeddable":true,"href":"https:\/\/valdauto.lt\/index.php?rest_route=%2Fwp%2Fv2%2Fproduct_cat&post=1014"},{"taxonomy":"product_tag","embeddable":true,"href":"https:\/\/valdauto.lt\/index.php?rest_route=%2Fwp%2Fv2%2Fproduct_tag&post=1014"}],"curies":[{"name":"wp","href":"https:\/\/api.w.org\/{rel}","templated":true}]}}