{"id":1011,"date":"2020-10-31T17:52:09","date_gmt":"2020-10-31T15:52:09","guid":{"rendered":"https:\/\/valdauto.lt\/?post_type=product&#038;p=1011"},"modified":"2020-10-31T17:52:10","modified_gmt":"2020-10-31T15:52:10","slug":"mercedes-benz-glc-desines-soninio-statramscio-apdaila-a2536904400","status":"publish","type":"product","link":"https:\/\/valdauto.lt\/?product=mercedes-benz-glc-desines-soninio-statramscio-apdaila-a2536904400","title":{"rendered":"MERCEDES-BENZ GLC de\u0161in\u0117s \u0161oninio statrams\u010dio apdaila A2536904400"},"content":{"rendered":"<p>De\u0161in\u0117s pus\u0117s<\/p>\n","protected":false},"excerpt":{"rendered":"<p>GLC GLC coupe modeliams<\/p>\n","protected":false},"featured_media":1012,"template":"","meta":{"om_disable_all_campaigns":false,"_monsterinsights_skip_tracking":false,"_monsterinsights_sitenote_active":false,"_monsterinsights_sitenote_note":"","_monsterinsights_sitenote_category":0,"_uf_show_specific_survey":0,"_uf_disable_surveys":false,"slim_seo":{"title":"MERCEDES-BENZ GLC de\u0161in\u0117s \u0161oninio statrams\u010dio apdaila A2536904400 - Mercedes benz naudotos dalys","description":"GLC GLC coupe modeliams"}},"product_brand":[],"product_cat":[31],"product_tag":[164],"class_list":{"0":"post-1011","1":"product","2":"type-product","3":"status-publish","4":"has-post-thumbnail","6":"product_cat-mercedes-benz-salono-komforto-aksesuarai","7":"product_tag-a2536904400","9":"first","10":"instock","11":"taxable","12":"shipping-taxable","13":"purchasable","14":"product-type-simple","15":"berocket_lgv_grid","16":"berocket_lgv_list_grid"},"_links":{"self":[{"href":"https:\/\/valdauto.lt\/index.php?rest_route=\/wp\/v2\/product\/1011","targetHints":{"allow":["GET"]}}],"collection":[{"href":"https:\/\/valdauto.lt\/index.php?rest_route=\/wp\/v2\/product"}],"about":[{"href":"https:\/\/valdauto.lt\/index.php?rest_route=\/wp\/v2\/types\/product"}],"version-history":[{"count":1,"href":"https:\/\/valdauto.lt\/index.php?rest_route=\/wp\/v2\/product\/1011\/revisions"}],"predecessor-version":[{"id":1013,"href":"https:\/\/valdauto.lt\/index.php?rest_route=\/wp\/v2\/product\/1011\/revisions\/1013"}],"wp:featuredmedia":[{"embeddable":true,"href":"https:\/\/valdauto.lt\/index.php?rest_route=\/wp\/v2\/media\/1012"}],"wp:attachment":[{"href":"https:\/\/valdauto.lt\/index.php?rest_route=%2Fwp%2Fv2%2Fmedia&parent=1011"}],"wp:term":[{"taxonomy":"product_brand","embeddable":true,"href":"https:\/\/valdauto.lt\/index.php?rest_route=%2Fwp%2Fv2%2Fproduct_brand&post=1011"},{"taxonomy":"product_cat","embeddable":true,"href":"https:\/\/valdauto.lt\/index.php?rest_route=%2Fwp%2Fv2%2Fproduct_cat&post=1011"},{"taxonomy":"product_tag","embeddable":true,"href":"https:\/\/valdauto.lt\/index.php?rest_route=%2Fwp%2Fv2%2Fproduct_tag&post=1011"}],"curies":[{"name":"wp","href":"https:\/\/api.w.org\/{rel}","templated":true}]}}