{"id":1008,"date":"2020-10-31T17:49:36","date_gmt":"2020-10-31T15:49:36","guid":{"rendered":"https:\/\/valdauto.lt\/?post_type=product&#038;p=1008"},"modified":"2020-10-31T17:49:36","modified_gmt":"2020-10-31T15:49:36","slug":"mercedes-benz-glc-kaires-soninio-statramscio-apdaila-a2536904500","status":"publish","type":"product","link":"https:\/\/valdauto.lt\/?product=mercedes-benz-glc-kaires-soninio-statramscio-apdaila-a2536904500","title":{"rendered":"MERCEDES-BENZ GLC Kair\u0117s \u0161oninio statrams\u010dio apdaila A2536904500"},"content":{"rendered":"<p>GLC GLC coupe juodos spalvos<\/p>\n","protected":false},"excerpt":{"rendered":"<p>kair\u0117s pus\u0117s<\/p>\n","protected":false},"featured_media":1009,"template":"","meta":{"om_disable_all_campaigns":false,"_monsterinsights_skip_tracking":false,"_monsterinsights_sitenote_active":false,"_monsterinsights_sitenote_note":"","_monsterinsights_sitenote_category":0,"_uf_show_specific_survey":0,"_uf_disable_surveys":false,"slim_seo":{"title":"MERCEDES-BENZ GLC Kair\u0117s \u0161oninio statrams\u010dio apdaila A2536904500","description":"kair\u0117s pus\u0117s"}},"product_brand":[],"product_cat":[31],"product_tag":[163],"class_list":{"0":"post-1008","1":"product","2":"type-product","3":"status-publish","4":"has-post-thumbnail","6":"product_cat-mercedes-benz-salono-komforto-aksesuarai","7":"product_tag-a2536904500","9":"first","10":"instock","11":"taxable","12":"shipping-taxable","13":"purchasable","14":"product-type-simple","15":"berocket_lgv_grid","16":"berocket_lgv_list_grid"},"_links":{"self":[{"href":"https:\/\/valdauto.lt\/index.php?rest_route=\/wp\/v2\/product\/1008","targetHints":{"allow":["GET"]}}],"collection":[{"href":"https:\/\/valdauto.lt\/index.php?rest_route=\/wp\/v2\/product"}],"about":[{"href":"https:\/\/valdauto.lt\/index.php?rest_route=\/wp\/v2\/types\/product"}],"version-history":[{"count":1,"href":"https:\/\/valdauto.lt\/index.php?rest_route=\/wp\/v2\/product\/1008\/revisions"}],"predecessor-version":[{"id":1010,"href":"https:\/\/valdauto.lt\/index.php?rest_route=\/wp\/v2\/product\/1008\/revisions\/1010"}],"wp:featuredmedia":[{"embeddable":true,"href":"https:\/\/valdauto.lt\/index.php?rest_route=\/wp\/v2\/media\/1009"}],"wp:attachment":[{"href":"https:\/\/valdauto.lt\/index.php?rest_route=%2Fwp%2Fv2%2Fmedia&parent=1008"}],"wp:term":[{"taxonomy":"product_brand","embeddable":true,"href":"https:\/\/valdauto.lt\/index.php?rest_route=%2Fwp%2Fv2%2Fproduct_brand&post=1008"},{"taxonomy":"product_cat","embeddable":true,"href":"https:\/\/valdauto.lt\/index.php?rest_route=%2Fwp%2Fv2%2Fproduct_cat&post=1008"},{"taxonomy":"product_tag","embeddable":true,"href":"https:\/\/valdauto.lt\/index.php?rest_route=%2Fwp%2Fv2%2Fproduct_tag&post=1008"}],"curies":[{"name":"wp","href":"https:\/\/api.w.org\/{rel}","templated":true}]}}