{"id":1005,"date":"2020-10-31T17:35:31","date_gmt":"2020-10-31T15:35:31","guid":{"rendered":"https:\/\/valdauto.lt\/?post_type=product&#038;p=1005"},"modified":"2020-10-31T17:35:31","modified_gmt":"2020-10-31T15:35:31","slug":"mercedes-benz-viksro-valdymo-svirtis-priekine-asis-a2053304507","status":"publish","type":"product","link":"https:\/\/valdauto.lt\/?product=mercedes-benz-viksro-valdymo-svirtis-priekine-asis-a2053304507","title":{"rendered":"Mercedes Benz Vik\u0161ro valdymo svirtis priekin\u0117 a\u0161is A2053304507"},"content":{"rendered":"<p>Tinka daugeliui modeli\u0173<\/p>\n","protected":false},"excerpt":{"rendered":"<p>De\u0161in\u0117 ir kair\u0117 pus\u0117 vienodos<\/p>\n","protected":false},"featured_media":1006,"template":"","meta":{"om_disable_all_campaigns":false,"_monsterinsights_skip_tracking":false,"_monsterinsights_sitenote_active":false,"_monsterinsights_sitenote_note":"","_monsterinsights_sitenote_category":0,"_uf_show_specific_survey":0,"_uf_disable_surveys":false,"slim_seo":{"title":"Mercedes Benz Vik\u0161ro valdymo svirtis A2053304507","description":"De\u0161in\u0117 ir kair\u0117 pus\u0117 vienodos"}},"product_brand":[],"product_cat":[15],"product_tag":[162],"class_list":{"0":"post-1005","1":"product","2":"type-product","3":"status-publish","4":"has-post-thumbnail","6":"product_cat-mercedes-benz-pakaba","7":"product_tag-a2053304507","9":"first","10":"instock","11":"taxable","12":"shipping-taxable","13":"purchasable","14":"product-type-simple","15":"berocket_lgv_grid","16":"berocket_lgv_list_grid"},"_links":{"self":[{"href":"https:\/\/valdauto.lt\/index.php?rest_route=\/wp\/v2\/product\/1005","targetHints":{"allow":["GET"]}}],"collection":[{"href":"https:\/\/valdauto.lt\/index.php?rest_route=\/wp\/v2\/product"}],"about":[{"href":"https:\/\/valdauto.lt\/index.php?rest_route=\/wp\/v2\/types\/product"}],"version-history":[{"count":1,"href":"https:\/\/valdauto.lt\/index.php?rest_route=\/wp\/v2\/product\/1005\/revisions"}],"predecessor-version":[{"id":1007,"href":"https:\/\/valdauto.lt\/index.php?rest_route=\/wp\/v2\/product\/1005\/revisions\/1007"}],"wp:featuredmedia":[{"embeddable":true,"href":"https:\/\/valdauto.lt\/index.php?rest_route=\/wp\/v2\/media\/1006"}],"wp:attachment":[{"href":"https:\/\/valdauto.lt\/index.php?rest_route=%2Fwp%2Fv2%2Fmedia&parent=1005"}],"wp:term":[{"taxonomy":"product_brand","embeddable":true,"href":"https:\/\/valdauto.lt\/index.php?rest_route=%2Fwp%2Fv2%2Fproduct_brand&post=1005"},{"taxonomy":"product_cat","embeddable":true,"href":"https:\/\/valdauto.lt\/index.php?rest_route=%2Fwp%2Fv2%2Fproduct_cat&post=1005"},{"taxonomy":"product_tag","embeddable":true,"href":"https:\/\/valdauto.lt\/index.php?rest_route=%2Fwp%2Fv2%2Fproduct_tag&post=1005"}],"curies":[{"name":"wp","href":"https:\/\/api.w.org\/{rel}","templated":true}]}}