{"id":59,"date":"2020-07-22T21:14:12","date_gmt":"2020-07-22T19:14:12","guid":{"rendered":"http:\/\/valdauto.lt\/?page_id=59"},"modified":"2021-11-17T17:15:40","modified_gmt":"2021-11-17T15:15:40","slug":"kontaktai","status":"publish","type":"page","link":"https:\/\/valdauto.lt\/?page_id=59","title":{"rendered":"Kontaktai"},"content":{"rendered":"\t\t<div data-elementor-type=\"wp-page\" data-elementor-id=\"59\" class=\"elementor elementor-59\" data-elementor-post-type=\"page\">\n\t\t\t\t\t\t<section class=\"elementor-section elementor-top-section elementor-element elementor-element-7ff5515 elementor-section-boxed elementor-section-height-default elementor-section-height-default\" data-id=\"7ff5515\" data-element_type=\"section\" data-e-type=\"section\">\n\t\t\t\t\t\t<div class=\"elementor-container elementor-column-gap-default\">\n\t\t\t\t\t<div class=\"elementor-column elementor-col-100 elementor-top-column elementor-element elementor-element-8cf5b71\" data-id=\"8cf5b71\" data-element_type=\"column\" data-e-type=\"column\">\n\t\t\t<div class=\"elementor-widget-wrap elementor-element-populated\">\n\t\t\t\t\t\t<div class=\"elementor-element elementor-element-788cc11 elementor-view-default elementor-widget elementor-widget-icon\" data-id=\"788cc11\" data-element_type=\"widget\" data-e-type=\"widget\" data-widget_type=\"icon.default\">\n\t\t\t\t<div class=\"elementor-widget-container\">\n\t\t\t\t\t\t\t<div class=\"elementor-icon-wrapper\">\n\t\t\t<div class=\"elementor-icon\">\n\t\t\t<i aria-hidden=\"true\" class=\"far fa-address-book\"><\/i>\t\t\t<\/div>\n\t\t<\/div>\n\t\t\t\t\t\t<\/div>\n\t\t\t\t<\/div>\n\t\t\t\t<div class=\"elementor-element elementor-element-c4be1ee elementor-widget elementor-widget-heading\" data-id=\"c4be1ee\" data-element_type=\"widget\" data-e-type=\"widget\" data-widget_type=\"heading.default\">\n\t\t\t\t<div class=\"elementor-widget-container\">\n\t\t\t\t\t<h2 class=\"elementor-heading-title elementor-size-default\"><strong><span style=\"font-size:10.5pt;line-height:115%;,serif;color:#111111\">Adresas:<\/span><\/strong><span style=\"font-size:11.0pt;line-height:115%;,serif\">&nbsp;Mindaugo g. 42, LT-03210 Vilnius<\/span><\/h2>\t\t\t\t<\/div>\n\t\t\t\t<\/div>\n\t\t\t\t<div class=\"elementor-element elementor-element-6e50bf7 elementor-widget elementor-widget-heading\" data-id=\"6e50bf7\" data-element_type=\"widget\" data-e-type=\"widget\" data-widget_type=\"heading.default\">\n\t\t\t\t<div class=\"elementor-widget-container\">\n\t\t\t\t\t<h2 class=\"elementor-heading-title elementor-size-default\"><strong><span style=\"font-size:10.5pt;line-height:115%;,serif;color:#111111\">\u012e<\/span><\/strong><strong><span style=\"font-size:10.5pt;line-height:115%;,serif;color:#111111\">mon<\/span><\/strong><strong><span style=\"font-size:10.5pt;line-height:115%;,serif;color:#111111\">\u0117<\/span><\/strong><strong><span style=\"font-size:10.5pt;line-height:115%;,serif;color:#111111\">s kodas:<\/span><\/strong><strong><span style=\"font-size:10.5pt;line-height:115%;,serif;color:#111111\">&nbsp;<\/span><\/strong><span style=\"font-size:11.0pt;line-height:115%;,serif\">305572976<\/span><\/h2>\t\t\t\t<\/div>\n\t\t\t\t<\/div>\n\t\t\t\t<div class=\"elementor-element elementor-element-32eef39 elementor-widget elementor-widget-heading\" data-id=\"32eef39\" data-element_type=\"widget\" data-e-type=\"widget\" data-widget_type=\"heading.default\">\n\t\t\t\t<div class=\"elementor-widget-container\">\n\t\t\t\t\t<h2 class=\"elementor-heading-title elementor-size-default\"><strong><span style=\"font-size:10.5pt;line-height:115%;,serif;color:#111111\">PVM kodas :<\/span><\/strong><strong><span style=\"font-size:10.5pt;line-height:115%;,serif;color:#111111\">&nbsp;<\/span><\/strong><span style=\"font-size:11.0pt;line-height:115%;,serif\">LT100014492915<\/span><\/h2>\t\t\t\t<\/div>\n\t\t\t\t<\/div>\n\t\t\t\t<div class=\"elementor-element elementor-element-bf27648 elementor-widget elementor-widget-heading\" data-id=\"bf27648\" data-element_type=\"widget\" data-e-type=\"widget\" data-widget_type=\"heading.default\">\n\t\t\t\t<div class=\"elementor-widget-container\">\n\t\t\t\t\t<h2 class=\"elementor-heading-title elementor-size-default\"><strong><span style=\"font-size:10.5pt;line-height:115%;,serif;color:#111111\">Telefonas:&nbsp; <\/span><\/strong><span style=\"font-size:11.0pt;line-height:115%;,serif\">+37064549343   ( Viber , whatsapp )<\/span><\/h2>\t\t\t\t<\/div>\n\t\t\t\t<\/div>\n\t\t\t\t<div class=\"elementor-element elementor-element-6c3533d elementor-widget elementor-widget-heading\" data-id=\"6c3533d\" data-element_type=\"widget\" data-e-type=\"widget\" data-widget_type=\"heading.default\">\n\t\t\t\t<div class=\"elementor-widget-container\">\n\t\t\t\t\t<h2 class=\"elementor-heading-title elementor-size-default\"><span style=\"color: var( --e-global-color-primary );font-family: var( --e-global-typography-primary-font-family );font-size: 1.75rem;font-weight: bolder\"><span style=\"font-size: 10.5pt;line-height: 16.1px;font-family: Cambria, serif\">EL. pa\u0161tas:<\/span><\/span><span style=\"color: var( --e-global-color-primary );font-weight: var( --e-global-typography-primary-font-weight );font-size: 11pt;line-height: 16.8667px;font-family: Cambria, serif\"> info@valdauto.lt<\/span><\/h2>\t\t\t\t<\/div>\n\t\t\t\t<\/div>\n\t\t\t\t<div class=\"elementor-element elementor-element-a5b9c6e elementor-widget elementor-widget-heading\" data-id=\"a5b9c6e\" data-element_type=\"widget\" data-e-type=\"widget\" data-widget_type=\"heading.default\">\n\t\t\t\t<div class=\"elementor-widget-container\">\n\t\t\t\t\t<h2 class=\"elementor-heading-title elementor-size-default\"><span style=\"color: var( --e-global-color-primary );font-family: var( --e-global-typography-primary-font-family );font-size: 1.75rem;font-weight: bolder\"><span style=\"font-size: 10.5pt;line-height: 16.1px;font-family: Cambria, serif\">Bankas :<\/span><\/span><span style=\"color: var( --e-global-color-primary );font-weight: var( --e-global-typography-primary-font-weight );font-size: 11pt;line-height: 16.8667px;font-family: Cambria, serif\"> UAB \" Paysera LT \"<\/span><\/h2>\t\t\t\t<\/div>\n\t\t\t\t<\/div>\n\t\t\t\t<div class=\"elementor-element elementor-element-6b9bb74 elementor-widget elementor-widget-heading\" data-id=\"6b9bb74\" data-element_type=\"widget\" data-e-type=\"widget\" data-widget_type=\"heading.default\">\n\t\t\t\t<div class=\"elementor-widget-container\">\n\t\t\t\t\t<h2 class=\"elementor-heading-title elementor-size-default\"><span style=\"color: var( --e-global-color-primary );font-family: var( --e-global-typography-primary-font-family );font-size: 1.75rem;font-weight: bolder\"><span style=\"font-size: 10.5pt;line-height: 16.1px;font-family: Cambria, serif\">Atsiskaitomoji s\u0105skaita :<\/span><\/span><span style=\"color: var( --e-global-color-primary );font-weight: var( --e-global-typography-primary-font-weight );font-size: 11pt;line-height: 16.8667px;font-family: Cambria, serif\"> LT633500010009122234<\/span><\/h2>\t\t\t\t<\/div>\n\t\t\t\t<\/div>\n\t\t\t\t\t<\/div>\n\t\t<\/div>\n\t\t\t\t\t<\/div>\n\t\t<\/section>\n\t\t\t\t<section class=\"elementor-section elementor-top-section elementor-element elementor-element-1ed49e8 elementor-section-boxed elementor-section-height-default elementor-section-height-default\" data-id=\"1ed49e8\" data-element_type=\"section\" data-e-type=\"section\">\n\t\t\t\t\t\t<div class=\"elementor-container elementor-column-gap-default\">\n\t\t\t\t\t<div class=\"elementor-column elementor-col-100 elementor-top-column elementor-element elementor-element-716da6d\" data-id=\"716da6d\" data-element_type=\"column\" data-e-type=\"column\">\n\t\t\t<div class=\"elementor-widget-wrap elementor-element-populated\">\n\t\t\t\t\t\t<div class=\"elementor-element elementor-element-edd0490 elementor-widget elementor-widget-google_maps\" data-id=\"edd0490\" data-element_type=\"widget\" data-e-type=\"widget\" data-widget_type=\"google_maps.default\">\n\t\t\t\t<div class=\"elementor-widget-container\">\n\t\t\t\t\t\t\t<div class=\"elementor-custom-embed\">\n\t\t\t<iframe loading=\"lazy\"\n\t\t\t\t\tsrc=\"https:\/\/maps.google.com\/maps?q=Valdauto%20transportas&#038;t=m&#038;z=14&#038;output=embed&#038;iwloc=near\"\n\t\t\t\t\ttitle=\"Valdauto transportas\"\n\t\t\t\t\taria-label=\"Valdauto transportas\"\n\t\t\t><\/iframe>\n\t\t<\/div>\n\t\t\t\t\t\t<\/div>\n\t\t\t\t<\/div>\n\t\t\t\t\t<\/div>\n\t\t<\/div>\n\t\t\t\t\t<\/div>\n\t\t<\/section>\n\t\t\t\t<\/div>\n\t\t","protected":false},"excerpt":{"rendered":"<p>Adresas:&nbsp;Mindaugo g. 42, LT-03210 Vilnius \u012emon\u0117s kodas:&nbsp;305572976 PVM kodas :&nbsp;LT100014492915 Telefonas:&nbsp; +37064549343 ( Viber , whatsapp ) EL. pa\u0161tas: info@valdauto.lt Bankas : UAB &#8221; Paysera LT &#8222; Atsiskaitomoji s\u0105skaita : LT633500010009122234<\/p>\n","protected":false},"author":1,"featured_media":0,"parent":0,"menu_order":0,"comment_status":"closed","ping_status":"closed","template":"","meta":{"om_disable_all_campaigns":false,"_monsterinsights_skip_tracking":false,"_monsterinsights_sitenote_active":false,"_monsterinsights_sitenote_note":"","_monsterinsights_sitenote_category":0,"_uf_show_specific_survey":0,"_uf_disable_surveys":false,"slim_seo":{"title":"Kontaktai - Mercedes benz naudotos dalys","description":"Adresas: &nbsp;Mindaugo g. 42, LT-03210 Vilnius \u012e mon \u0117 s kodas: &nbsp; 305572976 PVM kodas : &nbsp; LT100014492915 Telefonas:&nbsp; +37064549343 ( Viber , what"},"footnotes":""},"class_list":["post-59","page","type-page","status-publish","hentry"],"_links":{"self":[{"href":"https:\/\/valdauto.lt\/index.php?rest_route=\/wp\/v2\/pages\/59","targetHints":{"allow":["GET"]}}],"collection":[{"href":"https:\/\/valdauto.lt\/index.php?rest_route=\/wp\/v2\/pages"}],"about":[{"href":"https:\/\/valdauto.lt\/index.php?rest_route=\/wp\/v2\/types\/page"}],"author":[{"embeddable":true,"href":"https:\/\/valdauto.lt\/index.php?rest_route=\/wp\/v2\/users\/1"}],"replies":[{"embeddable":true,"href":"https:\/\/valdauto.lt\/index.php?rest_route=%2Fwp%2Fv2%2Fcomments&post=59"}],"version-history":[{"count":14,"href":"https:\/\/valdauto.lt\/index.php?rest_route=\/wp\/v2\/pages\/59\/revisions"}],"predecessor-version":[{"id":1555,"href":"https:\/\/valdauto.lt\/index.php?rest_route=\/wp\/v2\/pages\/59\/revisions\/1555"}],"wp:attachment":[{"href":"https:\/\/valdauto.lt\/index.php?rest_route=%2Fwp%2Fv2%2Fmedia&parent=59"}],"curies":[{"name":"wp","href":"https:\/\/api.w.org\/{rel}","templated":true}]}}