{"id":2461,"date":"2024-09-17T20:01:42","date_gmt":"2024-09-17T18:01:42","guid":{"rendered":"https:\/\/valdauto.lt\/?page_id=2461"},"modified":"2024-09-17T20:06:10","modified_gmt":"2024-09-17T18:06:10","slug":"elementor-2461","status":"publish","type":"page","link":"https:\/\/valdauto.lt\/?page_id=2461","title":{"rendered":"Mercedes Benz MBUX NTG6 remontas"},"content":{"rendered":"\t\t<div data-elementor-type=\"wp-page\" data-elementor-id=\"2461\" class=\"elementor elementor-2461\" data-elementor-post-type=\"page\">\n\t\t\t\t\t\t<section class=\"elementor-section elementor-top-section elementor-element elementor-element-c12189b elementor-section-boxed elementor-section-height-default elementor-section-height-default\" data-id=\"c12189b\" data-element_type=\"section\" data-e-type=\"section\">\n\t\t\t\t\t\t<div class=\"elementor-container elementor-column-gap-default\">\n\t\t\t\t\t<div class=\"elementor-column elementor-col-100 elementor-top-column elementor-element elementor-element-3a7a8a7\" data-id=\"3a7a8a7\" data-element_type=\"column\" data-e-type=\"column\">\n\t\t\t<div class=\"elementor-widget-wrap elementor-element-populated\">\n\t\t\t\t\t\t<div class=\"elementor-element elementor-element-b656337 elementor-widget elementor-widget-text-editor\" data-id=\"b656337\" data-element_type=\"widget\" data-e-type=\"widget\" data-widget_type=\"text-editor.default\">\n\t\t\t\t<div class=\"elementor-widget-container\">\n\t\t\t\t\t\t\t\t\t<p>Naujos kartos Mercedes Benz automobiliai\u00a0turi integruot\u0105 NTG6 MBUX multimedijos sistem\u0105. \u0160ios tipo multimedijos su laik\u0173 atsiranda problemos :<\/p><p>Nestartuoja multimedija :<\/p><p>\u012esijungia ir persikrauna multimedija ;<\/p><p>\u012esijungia ir persikrauna multimedija ;<\/p><p>Visos \u0161ios problemos d\u0117l kietojo disko, da\u017eniausiai Toshiba gamintojo.\u00a0<\/p><p>Galime pasi\u016blyti\u00a0\u0161ios problemos sprendim\u0105, atkurti arba atstatyti BAD sektorius J\u016bs\u0173 diske. Taip pat galime sumontuoti geresn\u0117s kokyb\u0117s SSD diskus, kurie neturi auk\u0161\u010diau min\u0117tu problem\u0173.<\/p><p>\u00a0<\/p><p>Galime atnaujinti 320 GB bei 200 GB tapos diskus ( NTG6 High , NTG6 Mid versijos )<\/p>\t\t\t\t\t\t\t\t<\/div>\n\t\t\t\t<\/div>\n\t\t\t\t\t<\/div>\n\t\t<\/div>\n\t\t\t\t\t<\/div>\n\t\t<\/section>\n\t\t\t\t<section class=\"elementor-section elementor-top-section elementor-element elementor-element-1ebe543 elementor-section-boxed elementor-section-height-default elementor-section-height-default\" data-id=\"1ebe543\" data-element_type=\"section\" data-e-type=\"section\">\n\t\t\t\t\t\t<div class=\"elementor-container elementor-column-gap-default\">\n\t\t\t\t\t<div class=\"elementor-column elementor-col-100 elementor-top-column elementor-element elementor-element-d39cd2e\" data-id=\"d39cd2e\" data-element_type=\"column\" data-e-type=\"column\">\n\t\t\t<div class=\"elementor-widget-wrap elementor-element-populated\">\n\t\t\t\t\t\t<div class=\"elementor-element elementor-element-cfe79ec elementor-widget elementor-widget-image\" data-id=\"cfe79ec\" data-element_type=\"widget\" data-e-type=\"widget\" data-widget_type=\"image.default\">\n\t\t\t\t<div class=\"elementor-widget-container\">\n\t\t\t\t\t\t\t\t\t\t\t\t\t\t\t<img fetchpriority=\"high\" decoding=\"async\" width=\"433\" height=\"577\" src=\"https:\/\/valdauto.lt\/wp-content\/uploads\/2024\/09\/viber_image_2024-09-16_22-14-01-384-removebg-preview.png\" class=\"attachment-large size-large wp-image-2463\" alt=\"NTG6 HDD\" srcset=\"https:\/\/valdauto.lt\/wp-content\/uploads\/2024\/09\/viber_image_2024-09-16_22-14-01-384-removebg-preview.png 433w, https:\/\/valdauto.lt\/wp-content\/uploads\/2024\/09\/viber_image_2024-09-16_22-14-01-384-removebg-preview-225x300.png 225w\" sizes=\"(max-width: 433px) 100vw, 433px\" \/>\t\t\t\t\t\t\t\t\t\t\t\t\t\t\t<\/div>\n\t\t\t\t<\/div>\n\t\t\t\t\t<\/div>\n\t\t<\/div>\n\t\t\t\t\t<\/div>\n\t\t<\/section>\n\t\t\t\t<\/div>\n\t\t","protected":false},"excerpt":{"rendered":"<p>Naujos kartos Mercedes Benz automobiliai\u00a0turi integruot\u0105 NTG6 MBUX multimedijos sistem\u0105. \u0160ios tipo multimedijos su laik\u0173 atsiranda problemos : Nestartuoja multimedija : \u012esijungia ir persikrauna multimedija ; \u012esijungia ir persikrauna multimedija ; Visos \u0161ios problemos d\u0117l kietojo disko, da\u017eniausiai Toshiba gamintojo.\u00a0 Galime pasi\u016blyti\u00a0\u0161ios problemos sprendim\u0105, atkurti arba atstatyti BAD sektorius J\u016bs\u0173 diske. Taip pat galime sumontuoti [&hellip;]<\/p>\n","protected":false},"author":1,"featured_media":0,"parent":0,"menu_order":0,"comment_status":"closed","ping_status":"closed","template":"","meta":{"om_disable_all_campaigns":false,"_monsterinsights_skip_tracking":false,"_monsterinsights_sitenote_active":false,"_monsterinsights_sitenote_note":"","_monsterinsights_sitenote_category":0,"_uf_show_specific_survey":0,"_uf_disable_surveys":false,"slim_seo":{"title":"MBUX6 HDD \/ MBUX6 kietasis diskas \/ MBUX NTG6 remontas","description":"MBUX6 HDD \/ MBUX6 kietasis diskas \/ MBUX NTG6 remontas"},"footnotes":""},"class_list":["post-2461","page","type-page","status-publish","hentry"],"_links":{"self":[{"href":"https:\/\/valdauto.lt\/index.php?rest_route=\/wp\/v2\/pages\/2461","targetHints":{"allow":["GET"]}}],"collection":[{"href":"https:\/\/valdauto.lt\/index.php?rest_route=\/wp\/v2\/pages"}],"about":[{"href":"https:\/\/valdauto.lt\/index.php?rest_route=\/wp\/v2\/types\/page"}],"author":[{"embeddable":true,"href":"https:\/\/valdauto.lt\/index.php?rest_route=\/wp\/v2\/users\/1"}],"replies":[{"embeddable":true,"href":"https:\/\/valdauto.lt\/index.php?rest_route=%2Fwp%2Fv2%2Fcomments&post=2461"}],"version-history":[{"count":5,"href":"https:\/\/valdauto.lt\/index.php?rest_route=\/wp\/v2\/pages\/2461\/revisions"}],"predecessor-version":[{"id":2467,"href":"https:\/\/valdauto.lt\/index.php?rest_route=\/wp\/v2\/pages\/2461\/revisions\/2467"}],"wp:attachment":[{"href":"https:\/\/valdauto.lt\/index.php?rest_route=%2Fwp%2Fv2%2Fmedia&parent=2461"}],"curies":[{"name":"wp","href":"https:\/\/api.w.org\/{rel}","templated":true}]}}