{"id":2168,"date":"2022-12-13T01:19:36","date_gmt":"2022-12-12T23:19:36","guid":{"rendered":"https:\/\/valdauto.lt\/?page_id=2168"},"modified":"2024-07-30T21:00:34","modified_gmt":"2024-07-30T19:00:34","slug":"mercedes-benz-stop-start-funkcijos-isjungimas","status":"publish","type":"page","link":"https:\/\/valdauto.lt\/?page_id=2168","title":{"rendered":"Mercedes Benz stop start funkcijos i\u0161jungimas"},"content":{"rendered":"\t\t<div data-elementor-type=\"wp-page\" data-elementor-id=\"2168\" class=\"elementor elementor-2168\" data-elementor-post-type=\"page\">\n\t\t\t\t\t\t<section class=\"elementor-section elementor-top-section elementor-element elementor-element-8cca2c1 elementor-section-boxed elementor-section-height-default elementor-section-height-default\" data-id=\"8cca2c1\" data-element_type=\"section\" data-e-type=\"section\">\n\t\t\t\t\t\t<div class=\"elementor-container elementor-column-gap-default\">\n\t\t\t\t\t<div class=\"elementor-column elementor-col-100 elementor-top-column elementor-element elementor-element-5e05410\" data-id=\"5e05410\" data-element_type=\"column\" data-e-type=\"column\">\n\t\t\t<div class=\"elementor-widget-wrap elementor-element-populated\">\n\t\t\t\t\t\t<div class=\"elementor-element elementor-element-7ce2e06 elementor-widget elementor-widget-text-editor\" data-id=\"7ce2e06\" data-element_type=\"widget\" data-e-type=\"widget\" data-widget_type=\"text-editor.default\">\n\t\t\t\t<div class=\"elementor-widget-container\">\n\t\t\t\t\t\t\t\t\t<p>\u00a0 \u00a0 \u00a0Naujesni Mercedes Benz mark\u0117s automobiliai d\u0117l ekologini\u0173 norm\u0173 bei rodikli\u0173 naudoja vadinam\u0105ja STOP \/ START funkcija. Jos pagalba automobilis sustoj\u0105s sankry\u017eoje u\u017egesin\u0105 varikl\u012f. Daliai vairuotoj\u0173 \u0161i opcija sukelia nepatogumo jausm\u0105. Kadangi gamintojas yra suprogramav\u0119s automobil\u012f taip , kad kiekvieno u\u017evedimo met\u0173 \u0161\u012f opcij\u0105 \u012fsijungia pagal nutyl\u0117jim\u0105.\u00a0<\/p><p>\u00a0 \u00a0 Galime pasi\u016blyti suprogramuoti automobil\u012f taip , kad jis prisimintu paskutin\u012f STOP \/ STAR sistemos opcijos re\u017eim\u0105. Kitaip vadinama LAST MODE re\u017eimas , kurio pagalba vien\u0105 kart\u0105 nuspaudus i\u0161jungimo mygtuk\u0105, re\u017eimas nepriklausomai nuo u\u017evedimo kiekio bus toje pa\u010dioje pozicijoje.\u00a0<\/p><p>\u00a0 \u00a0 \u00a0 \u0160i opcija \u012fmanoma tiek dyzeliniams tiek benzininiams automobiliams. Taip pat AMG serijos ( 43 \/ 450 \/ 63 ) modeliams.\u00a0<\/p>\t\t\t\t\t\t\t\t<\/div>\n\t\t\t\t<\/div>\n\t\t\t\t<div class=\"elementor-element elementor-element-a5cb668 elementor-widget elementor-widget-image\" data-id=\"a5cb668\" data-element_type=\"widget\" data-e-type=\"widget\" data-widget_type=\"image.default\">\n\t\t\t\t<div class=\"elementor-widget-container\">\n\t\t\t\t\t\t\t\t\t\t\t\t\t\t\t<img fetchpriority=\"high\" decoding=\"async\" width=\"768\" height=\"500\" src=\"https:\/\/valdauto.lt\/wp-content\/uploads\/2022\/12\/MB-Stop-Start-OFF.jpg\" class=\"attachment-large size-large wp-image-2172\" alt=\"MB Stop Start OFF\" srcset=\"https:\/\/valdauto.lt\/wp-content\/uploads\/2022\/12\/MB-Stop-Start-OFF.jpg 768w, https:\/\/valdauto.lt\/wp-content\/uploads\/2022\/12\/MB-Stop-Start-OFF-300x195.jpg 300w, https:\/\/valdauto.lt\/wp-content\/uploads\/2022\/12\/MB-Stop-Start-OFF-600x391.jpg 600w\" sizes=\"(max-width: 768px) 100vw, 768px\" \/>\t\t\t\t\t\t\t\t\t\t\t\t\t\t\t<\/div>\n\t\t\t\t<\/div>\n\t\t\t\t\t<\/div>\n\t\t<\/div>\n\t\t\t\t\t<\/div>\n\t\t<\/section>\n\t\t\t\t<\/div>\n\t\t","protected":false},"excerpt":{"rendered":"<p>\u00a0 \u00a0 \u00a0Naujesni Mercedes Benz mark\u0117s automobiliai d\u0117l ekologini\u0173 norm\u0173 bei rodikli\u0173 naudoja vadinam\u0105ja STOP \/ START funkcija. Jos pagalba automobilis sustoj\u0105s sankry\u017eoje u\u017egesin\u0105 varikl\u012f. Daliai vairuotoj\u0173 \u0161i opcija sukelia nepatogumo jausm\u0105. Kadangi gamintojas yra suprogramav\u0119s automobil\u012f taip , kad kiekvieno u\u017evedimo met\u0173 \u0161\u012f opcij\u0105 \u012fsijungia pagal nutyl\u0117jim\u0105.\u00a0 \u00a0 \u00a0 Galime pasi\u016blyti suprogramuoti automobil\u012f taip [&hellip;]<\/p>\n","protected":false},"author":1,"featured_media":0,"parent":0,"menu_order":0,"comment_status":"closed","ping_status":"closed","template":"","meta":{"om_disable_all_campaigns":false,"_monsterinsights_skip_tracking":false,"_monsterinsights_sitenote_active":false,"_monsterinsights_sitenote_note":"","_monsterinsights_sitenote_category":0,"_uf_show_specific_survey":0,"_uf_disable_surveys":false,"slim_seo":{"title":"Mercedes Benz stop start funkcijos i\u0161jungimas","description":"Mercedes Benz stop start funkcijos i\u0161jungimas daugeli\u0173 modeli\u0173."},"footnotes":""},"class_list":["post-2168","page","type-page","status-publish","hentry"],"_links":{"self":[{"href":"https:\/\/valdauto.lt\/index.php?rest_route=\/wp\/v2\/pages\/2168","targetHints":{"allow":["GET"]}}],"collection":[{"href":"https:\/\/valdauto.lt\/index.php?rest_route=\/wp\/v2\/pages"}],"about":[{"href":"https:\/\/valdauto.lt\/index.php?rest_route=\/wp\/v2\/types\/page"}],"author":[{"embeddable":true,"href":"https:\/\/valdauto.lt\/index.php?rest_route=\/wp\/v2\/users\/1"}],"replies":[{"embeddable":true,"href":"https:\/\/valdauto.lt\/index.php?rest_route=%2Fwp%2Fv2%2Fcomments&post=2168"}],"version-history":[{"count":10,"href":"https:\/\/valdauto.lt\/index.php?rest_route=\/wp\/v2\/pages\/2168\/revisions"}],"predecessor-version":[{"id":2185,"href":"https:\/\/valdauto.lt\/index.php?rest_route=\/wp\/v2\/pages\/2168\/revisions\/2185"}],"wp:attachment":[{"href":"https:\/\/valdauto.lt\/index.php?rest_route=%2Fwp%2Fv2%2Fmedia&parent=2168"}],"curies":[{"name":"wp","href":"https:\/\/api.w.org\/{rel}","templated":true}]}}