{"id":2144,"date":"2022-12-13T00:59:33","date_gmt":"2022-12-12T22:59:33","guid":{"rendered":"https:\/\/valdauto.lt\/?page_id=2144"},"modified":"2025-12-25T13:16:11","modified_gmt":"2025-12-25T11:16:11","slug":"mercedes-benz-elektronikos-remontas","status":"publish","type":"page","link":"https:\/\/valdauto.lt\/?page_id=2144","title":{"rendered":"Mercedes Benz elektronikos remontas"},"content":{"rendered":"\t\t<div data-elementor-type=\"wp-page\" data-elementor-id=\"2144\" class=\"elementor elementor-2144\" data-elementor-post-type=\"page\">\n\t\t\t\t\t\t<section class=\"elementor-section elementor-top-section elementor-element elementor-element-ea3276d elementor-section-boxed elementor-section-height-default elementor-section-height-default\" data-id=\"ea3276d\" data-element_type=\"section\" data-e-type=\"section\">\n\t\t\t\t\t\t<div class=\"elementor-container elementor-column-gap-default\">\n\t\t\t\t\t<div class=\"elementor-column elementor-col-100 elementor-top-column elementor-element elementor-element-fe77707\" data-id=\"fe77707\" data-element_type=\"column\" data-e-type=\"column\">\n\t\t\t<div class=\"elementor-widget-wrap elementor-element-populated\">\n\t\t\t\t\t\t<div class=\"elementor-element elementor-element-154f96f elementor-widget elementor-widget-text-editor\" data-id=\"154f96f\" data-element_type=\"widget\" data-e-type=\"widget\" data-widget_type=\"text-editor.default\">\n\t\t\t\t<div class=\"elementor-widget-container\">\n\t\t\t\t\t\t\t\t\t<p><strong>\u00a0 \u00a0 \u00a0 \u00a0Savo klientams galime atlikti piln\u0105 automobilio Europinim\u0105 bei jo modifikavim\u0105 atskiromis opcijomis . Pla\u010diau apie teikiamas elektronikos paslaugas \u017eemiau esan\u010diose skiltyse.<\/strong><\/p>\t\t\t\t\t\t\t\t<\/div>\n\t\t\t\t<\/div>\n\t\t\t\t\t<\/div>\n\t\t<\/div>\n\t\t\t\t\t<\/div>\n\t\t<\/section>\n\t\t\t\t<section class=\"elementor-section elementor-top-section elementor-element elementor-element-704dc2b elementor-section-boxed elementor-section-height-default elementor-section-height-default\" data-id=\"704dc2b\" data-element_type=\"section\" data-e-type=\"section\">\n\t\t\t\t\t\t<div class=\"elementor-container elementor-column-gap-default\">\n\t\t\t\t\t<div class=\"elementor-column elementor-col-100 elementor-top-column elementor-element elementor-element-9a778c2\" data-id=\"9a778c2\" data-element_type=\"column\" data-e-type=\"column\">\n\t\t\t<div class=\"elementor-widget-wrap elementor-element-populated\">\n\t\t\t\t\t\t<div class=\"elementor-element elementor-element-40055f5 elementor-widget elementor-widget-image\" data-id=\"40055f5\" data-element_type=\"widget\" data-e-type=\"widget\" data-widget_type=\"image.default\">\n\t\t\t\t<div class=\"elementor-widget-container\">\n\t\t\t\t\t\t\t\t\t\t\t\t<figure class=\"wp-caption\">\n\t\t\t\t\t\t\t\t\t\t\t<a href=\"https:\/\/valdauto.lt\/?page_id=2087\">\n\t\t\t\t\t\t\t<img fetchpriority=\"high\" decoding=\"async\" width=\"300\" height=\"187\" src=\"https:\/\/valdauto.lt\/wp-content\/uploads\/2024\/08\/Mercedes-Benz-europinimas-300x187.jpg\" class=\"attachment-medium size-medium wp-image-2435\" alt=\"Mercedes Benz Europinimas\" srcset=\"https:\/\/valdauto.lt\/wp-content\/uploads\/2024\/08\/Mercedes-Benz-europinimas-300x187.jpg 300w, https:\/\/valdauto.lt\/wp-content\/uploads\/2024\/08\/Mercedes-Benz-europinimas-1024x640.jpg 1024w, https:\/\/valdauto.lt\/wp-content\/uploads\/2024\/08\/Mercedes-Benz-europinimas-768x480.jpg 768w, https:\/\/valdauto.lt\/wp-content\/uploads\/2024\/08\/Mercedes-Benz-europinimas-1536x960.jpg 1536w, https:\/\/valdauto.lt\/wp-content\/uploads\/2024\/08\/Mercedes-Benz-europinimas-600x375.jpg 600w, https:\/\/valdauto.lt\/wp-content\/uploads\/2024\/08\/Mercedes-Benz-europinimas-1200x750.jpg 1200w, https:\/\/valdauto.lt\/wp-content\/uploads\/2024\/08\/Mercedes-Benz-europinimas-400x250.jpg 400w, https:\/\/valdauto.lt\/wp-content\/uploads\/2024\/08\/Mercedes-Benz-europinimas.jpg 1575w\" sizes=\"(max-width: 300px) 100vw, 300px\" \/>\t\t\t\t\t\t\t\t<\/a>\n\t\t\t\t\t\t\t\t\t\t\t<figcaption class=\"widget-image-caption wp-caption-text\">Mercedes Benz JAV standarto perdarimas \u012f Europos ( Europinimas )<\/figcaption>\n\t\t\t\t\t\t\t\t\t\t<\/figure>\n\t\t\t\t\t\t\t\t\t<\/div>\n\t\t\t\t<\/div>\n\t\t\t\t\t<\/div>\n\t\t<\/div>\n\t\t\t\t\t<\/div>\n\t\t<\/section>\n\t\t\t\t<section class=\"elementor-section elementor-top-section elementor-element elementor-element-f78f815 elementor-section-boxed elementor-section-height-default elementor-section-height-default\" data-id=\"f78f815\" data-element_type=\"section\" data-e-type=\"section\">\n\t\t\t\t\t\t<div class=\"elementor-container elementor-column-gap-default\">\n\t\t\t\t\t<div class=\"elementor-column elementor-col-100 elementor-top-column elementor-element elementor-element-62695e8\" data-id=\"62695e8\" data-element_type=\"column\" data-e-type=\"column\">\n\t\t\t<div class=\"elementor-widget-wrap elementor-element-populated\">\n\t\t\t\t\t\t<div class=\"elementor-element elementor-element-17df88a elementor-widget elementor-widget-image\" data-id=\"17df88a\" data-element_type=\"widget\" data-e-type=\"widget\" data-widget_type=\"image.default\">\n\t\t\t\t<div class=\"elementor-widget-container\">\n\t\t\t\t\t\t\t\t\t\t\t\t<figure class=\"wp-caption\">\n\t\t\t\t\t\t\t\t\t\t\t<a href=\"https:\/\/valdauto.lt\/?page_id=2125\">\n\t\t\t\t\t\t\t<img decoding=\"async\" width=\"300\" height=\"200\" src=\"https:\/\/valdauto.lt\/wp-content\/uploads\/2022\/12\/AMG-skydelis-W205-300x200.jpg\" class=\"attachment-medium size-medium wp-image-2129\" alt=\"AMG Meniu\" srcset=\"https:\/\/valdauto.lt\/wp-content\/uploads\/2022\/12\/AMG-skydelis-W205-300x200.jpg 300w, https:\/\/valdauto.lt\/wp-content\/uploads\/2022\/12\/AMG-skydelis-W205-1024x682.jpg 1024w, https:\/\/valdauto.lt\/wp-content\/uploads\/2022\/12\/AMG-skydelis-W205-768x512.jpg 768w, https:\/\/valdauto.lt\/wp-content\/uploads\/2022\/12\/AMG-skydelis-W205-1536x1023.jpg 1536w, https:\/\/valdauto.lt\/wp-content\/uploads\/2022\/12\/AMG-skydelis-W205-600x400.jpg 600w, https:\/\/valdauto.lt\/wp-content\/uploads\/2022\/12\/AMG-skydelis-W205.jpg 1600w\" sizes=\"(max-width: 300px) 100vw, 300px\" \/>\t\t\t\t\t\t\t\t<\/a>\n\t\t\t\t\t\t\t\t\t\t\t<figcaption class=\"widget-image-caption wp-caption-text\">AMG Meni\u0173 aktyvavimas Mercedes benz prietais\u0173 skydeliams.<\/figcaption>\n\t\t\t\t\t\t\t\t\t\t<\/figure>\n\t\t\t\t\t\t\t\t\t<\/div>\n\t\t\t\t<\/div>\n\t\t\t\t\t<\/div>\n\t\t<\/div>\n\t\t\t\t\t<\/div>\n\t\t<\/section>\n\t\t\t\t<section class=\"elementor-section elementor-top-section elementor-element elementor-element-70217aa elementor-section-boxed elementor-section-height-default elementor-section-height-default\" data-id=\"70217aa\" data-element_type=\"section\" data-e-type=\"section\">\n\t\t\t\t\t\t<div class=\"elementor-container elementor-column-gap-default\">\n\t\t\t\t\t<div class=\"elementor-column elementor-col-100 elementor-top-column elementor-element elementor-element-aad78e1\" data-id=\"aad78e1\" data-element_type=\"column\" data-e-type=\"column\">\n\t\t\t<div class=\"elementor-widget-wrap elementor-element-populated\">\n\t\t\t\t\t\t<div class=\"elementor-element elementor-element-3c8a274 elementor-widget elementor-widget-image\" data-id=\"3c8a274\" data-element_type=\"widget\" data-e-type=\"widget\" data-widget_type=\"image.default\">\n\t\t\t\t<div class=\"elementor-widget-container\">\n\t\t\t\t\t\t\t\t\t\t\t\t<figure class=\"wp-caption\">\n\t\t\t\t\t\t\t\t\t\t\t<a href=\"https:\/\/valdauto.lt\/?page_id=2168\">\n\t\t\t\t\t\t\t<img decoding=\"async\" width=\"300\" height=\"195\" src=\"https:\/\/valdauto.lt\/wp-content\/uploads\/2022\/12\/MB-Stop-Start-OFF-300x195.jpg\" class=\"attachment-medium size-medium wp-image-2172\" alt=\"MB Stop Start OFF\" srcset=\"https:\/\/valdauto.lt\/wp-content\/uploads\/2022\/12\/MB-Stop-Start-OFF-300x195.jpg 300w, https:\/\/valdauto.lt\/wp-content\/uploads\/2022\/12\/MB-Stop-Start-OFF-600x391.jpg 600w, https:\/\/valdauto.lt\/wp-content\/uploads\/2022\/12\/MB-Stop-Start-OFF.jpg 768w\" sizes=\"(max-width: 300px) 100vw, 300px\" \/>\t\t\t\t\t\t\t\t<\/a>\n\t\t\t\t\t\t\t\t\t\t\t<figcaption class=\"widget-image-caption wp-caption-text\">Mercedes Benz stop start funkcijos i\u0161jungimas<\/figcaption>\n\t\t\t\t\t\t\t\t\t\t<\/figure>\n\t\t\t\t\t\t\t\t\t<\/div>\n\t\t\t\t<\/div>\n\t\t\t\t\t<\/div>\n\t\t<\/div>\n\t\t\t\t\t<\/div>\n\t\t<\/section>\n\t\t\t\t<section class=\"elementor-section elementor-top-section elementor-element elementor-element-f4c3361 elementor-section-boxed elementor-section-height-default elementor-section-height-default\" data-id=\"f4c3361\" data-element_type=\"section\" data-e-type=\"section\">\n\t\t\t\t\t\t<div class=\"elementor-container elementor-column-gap-default\">\n\t\t\t\t\t<div class=\"elementor-column elementor-col-100 elementor-top-column elementor-element elementor-element-4eaf0e8\" data-id=\"4eaf0e8\" data-element_type=\"column\" data-e-type=\"column\">\n\t\t\t<div class=\"elementor-widget-wrap elementor-element-populated\">\n\t\t\t\t\t\t<div class=\"elementor-element elementor-element-509b48b elementor-widget elementor-widget-image\" data-id=\"509b48b\" data-element_type=\"widget\" data-e-type=\"widget\" data-widget_type=\"image.default\">\n\t\t\t\t<div class=\"elementor-widget-container\">\n\t\t\t\t\t\t\t\t\t\t\t\t<figure class=\"wp-caption\">\n\t\t\t\t\t\t\t\t\t\t<img loading=\"lazy\" decoding=\"async\" width=\"300\" height=\"140\" src=\"https:\/\/valdauto.lt\/wp-content\/uploads\/2024\/08\/MED-300x140.jpg\" class=\"attachment-medium size-medium wp-image-2425\" alt=\"Mercedes Benz variklio blok\u0173 klonavimas\" srcset=\"https:\/\/valdauto.lt\/wp-content\/uploads\/2024\/08\/MED-300x140.jpg 300w, https:\/\/valdauto.lt\/wp-content\/uploads\/2024\/08\/MED-1024x478.jpg 1024w, https:\/\/valdauto.lt\/wp-content\/uploads\/2024\/08\/MED-768x358.jpg 768w, https:\/\/valdauto.lt\/wp-content\/uploads\/2024\/08\/MED-1536x717.jpg 1536w, https:\/\/valdauto.lt\/wp-content\/uploads\/2024\/08\/MED-600x280.jpg 600w, https:\/\/valdauto.lt\/wp-content\/uploads\/2024\/08\/MED.jpg 1790w\" sizes=\"(max-width: 300px) 100vw, 300px\" \/>\t\t\t\t\t\t\t\t\t\t\t<figcaption class=\"widget-image-caption wp-caption-text\">DME Variklio valdymo  bloko klonavimas<\/figcaption>\n\t\t\t\t\t\t\t\t\t\t<\/figure>\n\t\t\t\t\t\t\t\t\t<\/div>\n\t\t\t\t<\/div>\n\t\t\t\t\t<\/div>\n\t\t<\/div>\n\t\t\t\t\t<\/div>\n\t\t<\/section>\n\t\t\t\t<section class=\"elementor-section elementor-top-section elementor-element elementor-element-8ab185a elementor-section-boxed elementor-section-height-default elementor-section-height-default\" data-id=\"8ab185a\" data-element_type=\"section\" data-e-type=\"section\">\n\t\t\t\t\t\t<div class=\"elementor-container elementor-column-gap-default\">\n\t\t\t\t\t<div class=\"elementor-column elementor-col-100 elementor-top-column elementor-element elementor-element-5b8e7ab\" data-id=\"5b8e7ab\" data-element_type=\"column\" data-e-type=\"column\">\n\t\t\t<div class=\"elementor-widget-wrap elementor-element-populated\">\n\t\t\t\t\t\t<div class=\"elementor-element elementor-element-70ca1e8 elementor-widget elementor-widget-image\" data-id=\"70ca1e8\" data-element_type=\"widget\" data-e-type=\"widget\" data-widget_type=\"image.default\">\n\t\t\t\t<div class=\"elementor-widget-container\">\n\t\t\t\t\t\t\t\t\t\t\t\t<figure class=\"wp-caption\">\n\t\t\t\t\t\t\t\t\t\t\t<a href=\"https:\/\/valdauto.lt\/?page_id=2450\">\n\t\t\t\t\t\t\t<img loading=\"lazy\" decoding=\"async\" width=\"300\" height=\"234\" src=\"https:\/\/valdauto.lt\/wp-content\/uploads\/2024\/08\/A7252701905-300x234.jpeg\" class=\"attachment-medium size-medium wp-image-2426\" alt=\"A7252701905\" srcset=\"https:\/\/valdauto.lt\/wp-content\/uploads\/2024\/08\/A7252701905-300x234.jpeg 300w, https:\/\/valdauto.lt\/wp-content\/uploads\/2024\/08\/A7252701905-1024x799.jpeg 1024w, https:\/\/valdauto.lt\/wp-content\/uploads\/2024\/08\/A7252701905-768x599.jpeg 768w, https:\/\/valdauto.lt\/wp-content\/uploads\/2024\/08\/A7252701905-1536x1199.jpeg 1536w, https:\/\/valdauto.lt\/wp-content\/uploads\/2024\/08\/A7252701905-600x468.jpeg 600w, https:\/\/valdauto.lt\/wp-content\/uploads\/2024\/08\/A7252701905.jpeg 1904w\" sizes=\"(max-width: 300px) 100vw, 300px\" \/>\t\t\t\t\t\t\t\t<\/a>\n\t\t\t\t\t\t\t\t\t\t\t<figcaption class=\"widget-image-caption wp-caption-text\">Mercedes Benz VGS_NAG3 9G Tronic grei\u010di\u0173 d\u0117\u017e\u0117s klonavimas<\/figcaption>\n\t\t\t\t\t\t\t\t\t\t<\/figure>\n\t\t\t\t\t\t\t\t\t<\/div>\n\t\t\t\t<\/div>\n\t\t\t\t\t<\/div>\n\t\t<\/div>\n\t\t\t\t\t<\/div>\n\t\t<\/section>\n\t\t\t\t<section class=\"elementor-section elementor-top-section elementor-element elementor-element-ba6280e elementor-section-boxed elementor-section-height-default elementor-section-height-default\" data-id=\"ba6280e\" data-element_type=\"section\" data-e-type=\"section\">\n\t\t\t\t\t\t<div class=\"elementor-container elementor-column-gap-default\">\n\t\t\t\t\t<div class=\"elementor-column elementor-col-100 elementor-top-column elementor-element elementor-element-7c9e5b4\" data-id=\"7c9e5b4\" data-element_type=\"column\" data-e-type=\"column\">\n\t\t\t<div class=\"elementor-widget-wrap elementor-element-populated\">\n\t\t\t\t\t\t<div class=\"elementor-element elementor-element-0d10679 elementor-widget elementor-widget-image\" data-id=\"0d10679\" data-element_type=\"widget\" data-e-type=\"widget\" data-widget_type=\"image.default\">\n\t\t\t\t<div class=\"elementor-widget-container\">\n\t\t\t\t\t\t\t\t\t\t\t\t<figure class=\"wp-caption\">\n\t\t\t\t\t\t\t\t\t\t\t<a href=\"https:\/\/valdauto.lt\/?page_id=2510\">\n\t\t\t\t\t\t\t<img loading=\"lazy\" decoding=\"async\" width=\"300\" height=\"184\" src=\"https:\/\/valdauto.lt\/wp-content\/uploads\/2024\/08\/A2534600101-300x184.jpg\" class=\"attachment-medium size-medium wp-image-2429\" alt=\"A2534600101\" srcset=\"https:\/\/valdauto.lt\/wp-content\/uploads\/2024\/08\/A2534600101-300x184.jpg 300w, https:\/\/valdauto.lt\/wp-content\/uploads\/2024\/08\/A2534600101-600x368.jpg 600w, https:\/\/valdauto.lt\/wp-content\/uploads\/2024\/08\/A2534600101.jpg 745w\" sizes=\"(max-width: 300px) 100vw, 300px\" \/>\t\t\t\t\t\t\t\t<\/a>\n\t\t\t\t\t\t\t\t\t\t\t<figcaption class=\"widget-image-caption wp-caption-text\">Mercedes Benz vairo stiprintuvo elektrin\u0117s dalies remontas \/ klonavimas<\/figcaption>\n\t\t\t\t\t\t\t\t\t\t<\/figure>\n\t\t\t\t\t\t\t\t\t<\/div>\n\t\t\t\t<\/div>\n\t\t\t\t\t<\/div>\n\t\t<\/div>\n\t\t\t\t\t<\/div>\n\t\t<\/section>\n\t\t\t\t<section class=\"elementor-section elementor-top-section elementor-element elementor-element-3ac0ef4 elementor-section-boxed elementor-section-height-default elementor-section-height-default\" data-id=\"3ac0ef4\" data-element_type=\"section\" data-e-type=\"section\">\n\t\t\t\t\t\t<div class=\"elementor-container elementor-column-gap-default\">\n\t\t\t\t\t<div class=\"elementor-column elementor-col-100 elementor-top-column elementor-element elementor-element-4fdd778\" data-id=\"4fdd778\" data-element_type=\"column\" data-e-type=\"column\">\n\t\t\t<div class=\"elementor-widget-wrap elementor-element-populated\">\n\t\t\t\t\t\t<div class=\"elementor-element elementor-element-7885a4f elementor-widget elementor-widget-image\" data-id=\"7885a4f\" data-element_type=\"widget\" data-e-type=\"widget\" data-widget_type=\"image.default\">\n\t\t\t\t<div class=\"elementor-widget-container\">\n\t\t\t\t\t\t\t\t\t\t\t\t<figure class=\"wp-caption\">\n\t\t\t\t\t\t\t\t\t\t<img loading=\"lazy\" decoding=\"async\" width=\"300\" height=\"300\" src=\"https:\/\/valdauto.lt\/wp-content\/uploads\/2024\/08\/ISM-modulis-W205-300x300.avif\" class=\"attachment-medium size-medium wp-image-2433\" alt=\"Ism Modulis W205\" srcset=\"https:\/\/valdauto.lt\/wp-content\/uploads\/2024\/08\/ISM-modulis-W205-300x300.avif 300w, https:\/\/valdauto.lt\/wp-content\/uploads\/2024\/08\/ISM-modulis-W205-150x150.avif 150w, https:\/\/valdauto.lt\/wp-content\/uploads\/2024\/08\/ISM-modulis-W205-400x400.avif 400w, https:\/\/valdauto.lt\/wp-content\/uploads\/2024\/08\/ISM-modulis-W205-600x600.avif 600w, https:\/\/valdauto.lt\/wp-content\/uploads\/2024\/08\/ISM-modulis-W205-100x100.avif 100w, https:\/\/valdauto.lt\/wp-content\/uploads\/2024\/08\/ISM-modulis-W205.avif 720w\" sizes=\"(max-width: 300px) 100vw, 300px\" \/>\t\t\t\t\t\t\t\t\t\t\t<figcaption class=\"widget-image-caption wp-caption-text\">Mercedes Benz ISM moduli\u0173 klonavimas FBS3 \/ FBS4 sistemoms<\/figcaption>\n\t\t\t\t\t\t\t\t\t\t<\/figure>\n\t\t\t\t\t\t\t\t\t<\/div>\n\t\t\t\t<\/div>\n\t\t\t\t\t<\/div>\n\t\t<\/div>\n\t\t\t\t\t<\/div>\n\t\t<\/section>\n\t\t\t\t<section class=\"elementor-section elementor-top-section elementor-element elementor-element-0dd8ff0 elementor-section-boxed elementor-section-height-default elementor-section-height-default\" data-id=\"0dd8ff0\" data-element_type=\"section\" data-e-type=\"section\">\n\t\t\t\t\t\t<div class=\"elementor-container elementor-column-gap-default\">\n\t\t\t\t\t<div class=\"elementor-column elementor-col-100 elementor-top-column elementor-element elementor-element-4977327\" data-id=\"4977327\" data-element_type=\"column\" data-e-type=\"column\">\n\t\t\t<div class=\"elementor-widget-wrap elementor-element-populated\">\n\t\t\t\t\t\t<div class=\"elementor-element elementor-element-2690eec elementor-widget elementor-widget-image\" data-id=\"2690eec\" data-element_type=\"widget\" data-e-type=\"widget\" data-widget_type=\"image.default\">\n\t\t\t\t<div class=\"elementor-widget-container\">\n\t\t\t\t\t\t\t\t\t\t\t\t<figure class=\"wp-caption\">\n\t\t\t\t\t\t\t\t\t\t\t<a href=\"https:\/\/valdauto.lt\/?page_id=2461\">\n\t\t\t\t\t\t\t<img loading=\"lazy\" decoding=\"async\" width=\"225\" height=\"300\" src=\"https:\/\/valdauto.lt\/wp-content\/uploads\/2024\/09\/viber_image_2024-09-16_22-14-01-384-removebg-preview-225x300.png\" class=\"attachment-medium size-medium wp-image-2463\" alt=\"NTG6 HDD\" srcset=\"https:\/\/valdauto.lt\/wp-content\/uploads\/2024\/09\/viber_image_2024-09-16_22-14-01-384-removebg-preview-225x300.png 225w, https:\/\/valdauto.lt\/wp-content\/uploads\/2024\/09\/viber_image_2024-09-16_22-14-01-384-removebg-preview.png 433w\" sizes=\"(max-width: 225px) 100vw, 225px\" \/>\t\t\t\t\t\t\t\t<\/a>\n\t\t\t\t\t\t\t\t\t\t\t<figcaption class=\"widget-image-caption wp-caption-text\">Mercedes Benz MBUX NTG6 remontas \/ Klonavimas<\/figcaption>\n\t\t\t\t\t\t\t\t\t\t<\/figure>\n\t\t\t\t\t\t\t\t\t<\/div>\n\t\t\t\t<\/div>\n\t\t\t\t\t<\/div>\n\t\t<\/div>\n\t\t\t\t\t<\/div>\n\t\t<\/section>\n\t\t\t\t<section class=\"elementor-section elementor-top-section elementor-element elementor-element-62b29e6 elementor-section-boxed elementor-section-height-default elementor-section-height-default\" data-id=\"62b29e6\" data-element_type=\"section\" data-e-type=\"section\">\n\t\t\t\t\t\t<div class=\"elementor-container elementor-column-gap-default\">\n\t\t\t\t\t<div class=\"elementor-column elementor-col-100 elementor-top-column elementor-element elementor-element-2435bc9\" data-id=\"2435bc9\" data-element_type=\"column\" data-e-type=\"column\">\n\t\t\t<div class=\"elementor-widget-wrap elementor-element-populated\">\n\t\t\t\t\t\t<div class=\"elementor-element elementor-element-eb77f40 elementor-widget elementor-widget-image\" data-id=\"eb77f40\" data-element_type=\"widget\" data-e-type=\"widget\" data-widget_type=\"image.default\">\n\t\t\t\t<div class=\"elementor-widget-container\">\n\t\t\t\t\t\t\t\t\t\t\t\t<figure class=\"wp-caption\">\n\t\t\t\t\t\t\t\t\t\t\t<a href=\"https:\/\/valdauto.lt\/?page_id=2490\">\n\t\t\t\t\t\t\t<img loading=\"lazy\" decoding=\"async\" width=\"225\" height=\"300\" src=\"https:\/\/valdauto.lt\/wp-content\/uploads\/2025\/02\/IC177-klonavimas-225x300.png\" class=\"attachment-medium size-medium wp-image-2496\" alt=\"Ic177 Klonavimas\" srcset=\"https:\/\/valdauto.lt\/wp-content\/uploads\/2025\/02\/IC177-klonavimas-225x300.png 225w, https:\/\/valdauto.lt\/wp-content\/uploads\/2025\/02\/IC177-klonavimas.png 433w\" sizes=\"(max-width: 225px) 100vw, 225px\" \/>\t\t\t\t\t\t\t\t<\/a>\n\t\t\t\t\t\t\t\t\t\t\t<figcaption class=\"widget-image-caption wp-caption-text\">Mercedes benz IC177 prietais\u0173 skydelio nulinimas\/ klonavimas<\/figcaption>\n\t\t\t\t\t\t\t\t\t\t<\/figure>\n\t\t\t\t\t\t\t\t\t<\/div>\n\t\t\t\t<\/div>\n\t\t\t\t\t<\/div>\n\t\t<\/div>\n\t\t\t\t\t<\/div>\n\t\t<\/section>\n\t\t\t\t<section class=\"elementor-section elementor-top-section elementor-element elementor-element-febdd1b elementor-section-boxed elementor-section-height-default elementor-section-height-default\" data-id=\"febdd1b\" data-element_type=\"section\" data-e-type=\"section\">\n\t\t\t\t\t\t<div class=\"elementor-container elementor-column-gap-default\">\n\t\t\t\t\t<div class=\"elementor-column elementor-col-100 elementor-top-column elementor-element elementor-element-a970312\" data-id=\"a970312\" data-element_type=\"column\" data-e-type=\"column\">\n\t\t\t<div class=\"elementor-widget-wrap elementor-element-populated\">\n\t\t\t\t\t\t<div class=\"elementor-element elementor-element-d7a4422 elementor-widget elementor-widget-image\" data-id=\"d7a4422\" data-element_type=\"widget\" data-e-type=\"widget\" data-widget_type=\"image.default\">\n\t\t\t\t<div class=\"elementor-widget-container\">\n\t\t\t\t\t\t\t\t\t\t\t\t<figure class=\"wp-caption\">\n\t\t\t\t\t\t\t\t\t\t\t<a href=\"https:\/\/valdauto.lt\/?page_id=2586\">\n\t\t\t\t\t\t\t<img loading=\"lazy\" decoding=\"async\" width=\"300\" height=\"225\" src=\"https:\/\/valdauto.lt\/wp-content\/uploads\/2025\/12\/Mercedes-48V-hibridine-baterija-removebg-preview-300x225.png\" class=\"attachment-medium size-medium wp-image-2581\" alt=\"Mercedes 48V hibridine baterija\" srcset=\"https:\/\/valdauto.lt\/wp-content\/uploads\/2025\/12\/Mercedes-48V-hibridine-baterija-removebg-preview-300x225.png 300w, https:\/\/valdauto.lt\/wp-content\/uploads\/2025\/12\/Mercedes-48V-hibridine-baterija-removebg-preview-400x300.png 400w, https:\/\/valdauto.lt\/wp-content\/uploads\/2025\/12\/Mercedes-48V-hibridine-baterija-removebg-preview.png 577w\" sizes=\"(max-width: 300px) 100vw, 300px\" \/>\t\t\t\t\t\t\t\t<\/a>\n\t\t\t\t\t\t\t\t\t\t\t<figcaption class=\"widget-image-caption wp-caption-text\">Mercedes Benz 48V baterijos remontas<\/figcaption>\n\t\t\t\t\t\t\t\t\t\t<\/figure>\n\t\t\t\t\t\t\t\t\t<\/div>\n\t\t\t\t<\/div>\n\t\t\t\t\t<\/div>\n\t\t<\/div>\n\t\t\t\t\t<\/div>\n\t\t<\/section>\n\t\t\t\t<\/div>\n\t\t","protected":false},"excerpt":{"rendered":"<p>\u00a0 \u00a0 \u00a0 \u00a0Savo klientams galime atlikti piln\u0105 automobilio Europinim\u0105 bei jo modifikavim\u0105 atskiromis opcijomis . Pla\u010diau apie teikiamas elektronikos paslaugas \u017eemiau esan\u010diose skiltyse. Mercedes Benz JAV standarto perdarimas \u012f Europos ( Europinimas ) AMG Meni\u0173 aktyvavimas Mercedes benz prietais\u0173 skydeliams. Mercedes Benz stop start funkcijos i\u0161jungimas DME Variklio valdymo bloko klonavimas Mercedes Benz VGS_NAG3 [&hellip;]<\/p>\n","protected":false},"author":1,"featured_media":0,"parent":0,"menu_order":0,"comment_status":"closed","ping_status":"closed","template":"","meta":{"om_disable_all_campaigns":false,"_monsterinsights_skip_tracking":false,"_monsterinsights_sitenote_active":false,"_monsterinsights_sitenote_note":"","_monsterinsights_sitenote_category":0,"_uf_show_specific_survey":0,"_uf_disable_surveys":false,"slim_seo":{"title":"Mercedes Benz europinimas, papildom\u0173 opcij\u0173 \u012frengimas,","description":"Mercedes Benz europinimas, elektros darbai , programavimo paslaugos"},"footnotes":""},"class_list":["post-2144","page","type-page","status-publish","hentry"],"_links":{"self":[{"href":"https:\/\/valdauto.lt\/index.php?rest_route=\/wp\/v2\/pages\/2144","targetHints":{"allow":["GET"]}}],"collection":[{"href":"https:\/\/valdauto.lt\/index.php?rest_route=\/wp\/v2\/pages"}],"about":[{"href":"https:\/\/valdauto.lt\/index.php?rest_route=\/wp\/v2\/types\/page"}],"author":[{"embeddable":true,"href":"https:\/\/valdauto.lt\/index.php?rest_route=\/wp\/v2\/users\/1"}],"replies":[{"embeddable":true,"href":"https:\/\/valdauto.lt\/index.php?rest_route=%2Fwp%2Fv2%2Fcomments&post=2144"}],"version-history":[{"count":60,"href":"https:\/\/valdauto.lt\/index.php?rest_route=\/wp\/v2\/pages\/2144\/revisions"}],"predecessor-version":[{"id":2593,"href":"https:\/\/valdauto.lt\/index.php?rest_route=\/wp\/v2\/pages\/2144\/revisions\/2593"}],"wp:attachment":[{"href":"https:\/\/valdauto.lt\/index.php?rest_route=%2Fwp%2Fv2%2Fmedia&parent=2144"}],"curies":[{"name":"wp","href":"https:\/\/api.w.org\/{rel}","templated":true}]}}