{"id":2125,"date":"2022-12-13T00:33:01","date_gmt":"2022-12-12T22:33:01","guid":{"rendered":"https:\/\/valdauto.lt\/?page_id=2125"},"modified":"2024-07-30T20:55:42","modified_gmt":"2024-07-30T18:55:42","slug":"amg-meniu-aktyvavimas-2","status":"publish","type":"page","link":"https:\/\/valdauto.lt\/?page_id=2125","title":{"rendered":"AMG meniu aktyvavimas"},"content":{"rendered":"\t\t<div data-elementor-type=\"wp-page\" data-elementor-id=\"2125\" class=\"elementor elementor-2125\" data-elementor-post-type=\"page\">\n\t\t\t\t\t\t<section class=\"elementor-section elementor-top-section elementor-element elementor-element-ca6a6cb elementor-section-boxed elementor-section-height-default elementor-section-height-default\" data-id=\"ca6a6cb\" data-element_type=\"section\" data-e-type=\"section\">\n\t\t\t\t\t\t<div class=\"elementor-container elementor-column-gap-default\">\n\t\t\t\t\t<div class=\"elementor-column elementor-col-100 elementor-top-column elementor-element elementor-element-c0431e4\" data-id=\"c0431e4\" data-element_type=\"column\" data-e-type=\"column\">\n\t\t\t<div class=\"elementor-widget-wrap elementor-element-populated\">\n\t\t\t\t\t\t<div class=\"elementor-element elementor-element-d46b3b4 elementor-widget elementor-widget-text-editor\" data-id=\"d46b3b4\" data-element_type=\"widget\" data-e-type=\"widget\" data-widget_type=\"text-editor.default\">\n\t\t\t\t<div class=\"elementor-widget-container\">\n\t\t\t\t\t\t\t\t\t<p>Jei J\u016bs\u0173 C ar GLC klasei&nbsp;reikia daugiau funkcionalumo, si\u016blome papildyti&nbsp;prietais\u0173 skydelio opcijas. Galime aktyvuoti AMG meni\u0173 .&nbsp;<\/p>\n<p><span style=\"color: var( --e-global-color-text ); font-weight: var( --e-global-typography-text-font-weight );\">Taip pat pakeisti kodavim\u0105 pagal J\u016bs\u0173 poreikius, sueuropinti prietais\u0173 skydel\u012f i\u0161 JAV rinkos \u012f Europos . M\u016bs\u0173 partneriai&nbsp;gali pakeisti Ciferblat\u0105 i\u0161 mili\u0173&nbsp;\u012f kilometrus.&nbsp;<\/span><span style=\"color: var( --e-global-color-text ); font-weight: var( --e-global-typography-text-font-weight );\">&nbsp;<\/span><br><\/p>\t\t\t\t\t\t\t\t<\/div>\n\t\t\t\t<\/div>\n\t\t\t\t\t<\/div>\n\t\t<\/div>\n\t\t\t\t\t<\/div>\n\t\t<\/section>\n\t\t\t\t<section class=\"elementor-section elementor-top-section elementor-element elementor-element-a9b1147 elementor-section-boxed elementor-section-height-default elementor-section-height-default\" data-id=\"a9b1147\" data-element_type=\"section\" data-e-type=\"section\">\n\t\t\t\t\t\t<div class=\"elementor-container elementor-column-gap-default\">\n\t\t\t\t\t<div class=\"elementor-column elementor-col-100 elementor-top-column elementor-element elementor-element-df2be9f\" data-id=\"df2be9f\" data-element_type=\"column\" data-e-type=\"column\">\n\t\t\t<div class=\"elementor-widget-wrap elementor-element-populated\">\n\t\t\t\t\t\t<div class=\"elementor-element elementor-element-5cd82d2 elementor-widget elementor-widget-image\" data-id=\"5cd82d2\" data-element_type=\"widget\" data-e-type=\"widget\" data-widget_type=\"image.default\">\n\t\t\t\t<div class=\"elementor-widget-container\">\n\t\t\t\t\t\t\t\t\t\t\t\t\t\t\t<img fetchpriority=\"high\" decoding=\"async\" width=\"895\" height=\"596\" src=\"https:\/\/valdauto.lt\/wp-content\/uploads\/2022\/12\/AMG-skydelis-W205-1024x682.jpg\" class=\"attachment-large size-large wp-image-2129\" alt=\"AMG Meniu\" srcset=\"https:\/\/valdauto.lt\/wp-content\/uploads\/2022\/12\/AMG-skydelis-W205-1024x682.jpg 1024w, https:\/\/valdauto.lt\/wp-content\/uploads\/2022\/12\/AMG-skydelis-W205-300x200.jpg 300w, https:\/\/valdauto.lt\/wp-content\/uploads\/2022\/12\/AMG-skydelis-W205-768x512.jpg 768w, https:\/\/valdauto.lt\/wp-content\/uploads\/2022\/12\/AMG-skydelis-W205-1536x1023.jpg 1536w, https:\/\/valdauto.lt\/wp-content\/uploads\/2022\/12\/AMG-skydelis-W205-600x400.jpg 600w, https:\/\/valdauto.lt\/wp-content\/uploads\/2022\/12\/AMG-skydelis-W205.jpg 1600w\" sizes=\"(max-width: 895px) 100vw, 895px\" \/>\t\t\t\t\t\t\t\t\t\t\t\t\t\t\t<\/div>\n\t\t\t\t<\/div>\n\t\t\t\t\t<\/div>\n\t\t<\/div>\n\t\t\t\t\t<\/div>\n\t\t<\/section>\n\t\t\t\t<section class=\"elementor-section elementor-top-section elementor-element elementor-element-29e5dd4 elementor-section-boxed elementor-section-height-default elementor-section-height-default\" data-id=\"29e5dd4\" data-element_type=\"section\" data-e-type=\"section\">\n\t\t\t\t\t\t<div class=\"elementor-container elementor-column-gap-default\">\n\t\t\t\t\t<div class=\"elementor-column elementor-col-100 elementor-top-column elementor-element elementor-element-a441b1b\" data-id=\"a441b1b\" data-element_type=\"column\" data-e-type=\"column\">\n\t\t\t<div class=\"elementor-widget-wrap elementor-element-populated\">\n\t\t\t\t\t\t<div class=\"elementor-element elementor-element-03f4221 elementor-widget elementor-widget-text-editor\" data-id=\"03f4221\" data-element_type=\"widget\" data-e-type=\"widget\" data-widget_type=\"text-editor.default\">\n\t\t\t\t<div class=\"elementor-widget-container\">\n\t\t\t\t\t\t\t\t\t<p>J\u016bs\u0173 GLC 300 \/ GLC 250 \/ C300 \/ C250 benzinini\u0173\u00a0skydeli\u0173 AMG meni\u0173 aktyvavimas u\u017etrukt\u0173 kelias minut\u0117s . Jei skydelis yra i\u0161imtas i\u0161 automobilio, tai irgi ne problem\u0105 .Galite atsiusti prietais\u0173 skydel\u012f mums ir gausite atgal modifikuot\u0105 .<\/p><p>\u00a0<\/p><p>Taip pat dyzeliniams variantams \u0161ios opcijos yra \u012fmanomos, bet teks perra\u0161yti\u00a0P0 programin\u0117s dalies versij\u0105 .\u00a0 \u00a0<\/p><p>Taip pat \u0161i\u0105 paslaug\u0105 galime atlikti atnaujintiems modeliams W205 bei x253 . Turite atnaujint\u0105 analogin\u012f skydel\u012f ? Ar naujo tipo LCD , papildomos opcijos taip pat \u012fmanomos. Taip pat jei automobilis yra su MBUX 6 versij\u0105 galime suaktyvinti\u00a0AMG TRACK PACE opcija.\u00a0<\/p>\t\t\t\t\t\t\t\t<\/div>\n\t\t\t\t<\/div>\n\t\t\t\t\t<\/div>\n\t\t<\/div>\n\t\t\t\t\t<\/div>\n\t\t<\/section>\n\t\t\t\t<section class=\"elementor-section elementor-top-section elementor-element elementor-element-be0aa90 elementor-section-boxed elementor-section-height-default elementor-section-height-default\" data-id=\"be0aa90\" data-element_type=\"section\" data-e-type=\"section\">\n\t\t\t\t\t\t<div class=\"elementor-container elementor-column-gap-default\">\n\t\t\t\t\t<div class=\"elementor-column elementor-col-100 elementor-top-column elementor-element elementor-element-20416d3\" data-id=\"20416d3\" data-element_type=\"column\" data-e-type=\"column\">\n\t\t\t<div class=\"elementor-widget-wrap elementor-element-populated\">\n\t\t\t\t\t\t<div class=\"elementor-element elementor-element-6328abc elementor-widget elementor-widget-image\" data-id=\"6328abc\" data-element_type=\"widget\" data-e-type=\"widget\" data-widget_type=\"image.default\">\n\t\t\t\t<div class=\"elementor-widget-container\">\n\t\t\t\t\t\t\t\t\t\t\t\t\t\t\t<img decoding=\"async\" width=\"895\" height=\"895\" src=\"https:\/\/valdauto.lt\/wp-content\/uploads\/2022\/12\/AMG-feislifto-1024x1024.jpg\" class=\"attachment-large size-large wp-image-2134\" alt=\"AMG feislifto\" srcset=\"https:\/\/valdauto.lt\/wp-content\/uploads\/2022\/12\/AMG-feislifto-1024x1024.jpg 1024w, https:\/\/valdauto.lt\/wp-content\/uploads\/2022\/12\/AMG-feislifto-300x300.jpg 300w, https:\/\/valdauto.lt\/wp-content\/uploads\/2022\/12\/AMG-feislifto-150x150.jpg 150w, https:\/\/valdauto.lt\/wp-content\/uploads\/2022\/12\/AMG-feislifto-768x768.jpg 768w, https:\/\/valdauto.lt\/wp-content\/uploads\/2022\/12\/AMG-feislifto-600x600.jpg 600w, https:\/\/valdauto.lt\/wp-content\/uploads\/2022\/12\/AMG-feislifto-100x100.jpg 100w, https:\/\/valdauto.lt\/wp-content\/uploads\/2022\/12\/AMG-feislifto.jpg 1528w\" sizes=\"(max-width: 895px) 100vw, 895px\" \/>\t\t\t\t\t\t\t\t\t\t\t\t\t\t\t<\/div>\n\t\t\t\t<\/div>\n\t\t\t\t\t<\/div>\n\t\t<\/div>\n\t\t\t\t\t<\/div>\n\t\t<\/section>\n\t\t\t\t<section class=\"elementor-section elementor-top-section elementor-element elementor-element-4eeb52a elementor-section-boxed elementor-section-height-default elementor-section-height-default\" data-id=\"4eeb52a\" data-element_type=\"section\" data-e-type=\"section\">\n\t\t\t\t\t\t<div class=\"elementor-container elementor-column-gap-default\">\n\t\t\t\t\t<div class=\"elementor-column elementor-col-100 elementor-top-column elementor-element elementor-element-7b0667d\" data-id=\"7b0667d\" data-element_type=\"column\" data-e-type=\"column\">\n\t\t\t<div class=\"elementor-widget-wrap elementor-element-populated\">\n\t\t\t\t\t\t<div class=\"elementor-element elementor-element-da124e5 elementor-widget elementor-widget-image\" data-id=\"da124e5\" data-element_type=\"widget\" data-e-type=\"widget\" data-widget_type=\"image.default\">\n\t\t\t\t<div class=\"elementor-widget-container\">\n\t\t\t\t\t\t\t\t\t\t\t\t\t\t\t<img decoding=\"async\" width=\"895\" height=\"565\" src=\"https:\/\/valdauto.lt\/wp-content\/uploads\/2023\/01\/AMG_IC213_X253-1024x646.jpg\" class=\"attachment-large size-large wp-image-2204\" alt=\"AMG IC213 X253\" srcset=\"https:\/\/valdauto.lt\/wp-content\/uploads\/2023\/01\/AMG_IC213_X253-1024x646.jpg 1024w, https:\/\/valdauto.lt\/wp-content\/uploads\/2023\/01\/AMG_IC213_X253-300x189.jpg 300w, https:\/\/valdauto.lt\/wp-content\/uploads\/2023\/01\/AMG_IC213_X253-768x484.jpg 768w, https:\/\/valdauto.lt\/wp-content\/uploads\/2023\/01\/AMG_IC213_X253-1536x969.jpg 1536w, https:\/\/valdauto.lt\/wp-content\/uploads\/2023\/01\/AMG_IC213_X253-2048x1292.jpg 2048w, https:\/\/valdauto.lt\/wp-content\/uploads\/2023\/01\/AMG_IC213_X253-600x378.jpg 600w\" sizes=\"(max-width: 895px) 100vw, 895px\" \/>\t\t\t\t\t\t\t\t\t\t\t\t\t\t\t<\/div>\n\t\t\t\t<\/div>\n\t\t\t\t\t<\/div>\n\t\t<\/div>\n\t\t\t\t\t<\/div>\n\t\t<\/section>\n\t\t\t\t<\/div>\n\t\t","protected":false},"excerpt":{"rendered":"<p>Jei J\u016bs\u0173 C ar GLC klasei&nbsp;reikia daugiau funkcionalumo, si\u016blome papildyti&nbsp;prietais\u0173 skydelio opcijas. Galime aktyvuoti AMG meni\u0173 .&nbsp; Taip pat pakeisti kodavim\u0105 pagal J\u016bs\u0173 poreikius, sueuropinti prietais\u0173 skydel\u012f i\u0161 JAV rinkos \u012f Europos . M\u016bs\u0173 partneriai&nbsp;gali pakeisti Ciferblat\u0105 i\u0161 mili\u0173&nbsp;\u012f kilometrus.&nbsp;&nbsp; J\u016bs\u0173 GLC 300 \/ GLC 250 \/ C300 \/ C250 benzinini\u0173&nbsp;skydeli\u0173 AMG meni\u0173 aktyvavimas u\u017etrukt\u0173 [&hellip;]<\/p>\n","protected":false},"author":1,"featured_media":0,"parent":0,"menu_order":0,"comment_status":"closed","ping_status":"closed","template":"","meta":{"om_disable_all_campaigns":false,"_monsterinsights_skip_tracking":false,"_monsterinsights_sitenote_active":false,"_monsterinsights_sitenote_note":"","_monsterinsights_sitenote_category":0,"_uf_show_specific_survey":0,"_uf_disable_surveys":false,"slim_seo":{"title":"AMG meniu aktyvavimas","description":"AMG meniu aktyvavimas, Mercedes benz automobiliams."},"footnotes":""},"class_list":["post-2125","page","type-page","status-publish","hentry"],"_links":{"self":[{"href":"https:\/\/valdauto.lt\/index.php?rest_route=\/wp\/v2\/pages\/2125","targetHints":{"allow":["GET"]}}],"collection":[{"href":"https:\/\/valdauto.lt\/index.php?rest_route=\/wp\/v2\/pages"}],"about":[{"href":"https:\/\/valdauto.lt\/index.php?rest_route=\/wp\/v2\/types\/page"}],"author":[{"embeddable":true,"href":"https:\/\/valdauto.lt\/index.php?rest_route=\/wp\/v2\/users\/1"}],"replies":[{"embeddable":true,"href":"https:\/\/valdauto.lt\/index.php?rest_route=%2Fwp%2Fv2%2Fcomments&post=2125"}],"version-history":[{"count":19,"href":"https:\/\/valdauto.lt\/index.php?rest_route=\/wp\/v2\/pages\/2125\/revisions"}],"predecessor-version":[{"id":2215,"href":"https:\/\/valdauto.lt\/index.php?rest_route=\/wp\/v2\/pages\/2125\/revisions\/2215"}],"wp:attachment":[{"href":"https:\/\/valdauto.lt\/index.php?rest_route=%2Fwp%2Fv2%2Fmedia&parent=2125"}],"curies":[{"name":"wp","href":"https:\/\/api.w.org\/{rel}","templated":true}]}}