{"id":2089,"date":"2022-12-11T00:04:12","date_gmt":"2022-12-10T22:04:12","guid":{"rendered":"https:\/\/valdauto.lt\/?page_id=2089"},"modified":"2023-03-23T08:49:08","modified_gmt":"2023-03-23T06:49:08","slug":"automobiliu-pardavimo-bei-registravimo-paslaugos","status":"publish","type":"page","link":"https:\/\/valdauto.lt\/?page_id=2089","title":{"rendered":"Automobili\u0173 pardavimo bei registravimo paslaugos"},"content":{"rendered":"\t\t<div data-elementor-type=\"wp-page\" data-elementor-id=\"2089\" class=\"elementor elementor-2089\" data-elementor-post-type=\"page\">\n\t\t\t\t\t\t<section class=\"elementor-section elementor-top-section elementor-element elementor-element-17f21ea elementor-section-boxed elementor-section-height-default elementor-section-height-default\" data-id=\"17f21ea\" data-element_type=\"section\" data-e-type=\"section\">\n\t\t\t\t\t\t<div class=\"elementor-container elementor-column-gap-default\">\n\t\t\t\t\t<div class=\"elementor-column elementor-col-100 elementor-top-column elementor-element elementor-element-ebda9bf\" data-id=\"ebda9bf\" data-element_type=\"column\" data-e-type=\"column\">\n\t\t\t<div class=\"elementor-widget-wrap\">\n\t\t\t\t\t\t\t<\/div>\n\t\t<\/div>\n\t\t\t\t\t<\/div>\n\t\t<\/section>\n\t\t\t\t<section class=\"elementor-section elementor-top-section elementor-element elementor-element-2be44a4 elementor-section-boxed elementor-section-height-default elementor-section-height-default\" data-id=\"2be44a4\" data-element_type=\"section\" data-e-type=\"section\">\n\t\t\t\t\t\t<div class=\"elementor-container elementor-column-gap-default\">\n\t\t\t\t\t<div class=\"elementor-column elementor-col-100 elementor-top-column elementor-element elementor-element-327f936\" data-id=\"327f936\" data-element_type=\"column\" data-e-type=\"column\">\n\t\t\t<div class=\"elementor-widget-wrap elementor-element-populated\">\n\t\t\t\t\t\t<div class=\"elementor-element elementor-element-7421a7b elementor-widget elementor-widget-text-editor\" data-id=\"7421a7b\" data-element_type=\"widget\" data-e-type=\"widget\" data-widget_type=\"text-editor.default\">\n\t\t\t\t<div class=\"elementor-widget-container\">\n\t\t\t\t\t\t\t\t\t<p>\u00a0 \u00a0 \u00a0 Savo klientams teikiame ne tik automobili\u0173 pardavimo paslaugas, bet plat\u0173 asortiment\u0105\u00a0paslaug\u0173. J\u016bs galite nusipirkti i\u0161 m\u016bs\u0173 automobil\u012f, kuris kokybi\u0161kai atstatytas po eismo \u012fvykio\u00a0. <strong>TAIP<\/strong> <strong>mes to neslepiam\u00a0<\/strong>, m\u016bs\u0173 parduodami automobiliai keli\u0173 met\u0173 senumo, tur\u0117jo\u00a0skirtingus pa\u017eeidimus . Kiekvienas klientas prie\u0161 nuspr\u0119sdamas\u00a0nusipirkti m\u016bs\u0173 parduodam\u0105 automobil\u012f gaus piln\u0105 ataskait\u0105 koks jis buvo prie\u0161 papuolant m\u016bs\u0173 komandai, pakeist\u0173 detali\u0173 s\u0105ra\u0161\u0105 bei diagnostikos ataskaitas.\u00a0<\/p><p><span style=\"color: var( --e-global-color-text ); font-weight: var( --e-global-typography-text-font-weight );\">\u00a0 \u00a0 \u00a0Tai pat kliento pageidavim\u0173 galime nupirkti bei pad\u0117ti susiremontuoti automobil\u012f savo nuo\u017ei\u016br\u0105 i\u0161 Europos bei JAV aukcion\u0173 .\u00a0<\/span><\/p><p>Pla\u010diau apie teikiamas paslaugas \u017eemiau :<\/p>\t\t\t\t\t\t\t\t<\/div>\n\t\t\t\t<\/div>\n\t\t\t\t<div class=\"elementor-element elementor-element-e099148 elementor-icon-list--layout-traditional elementor-list-item-link-full_width elementor-widget elementor-widget-icon-list\" data-id=\"e099148\" data-element_type=\"widget\" data-e-type=\"widget\" data-widget_type=\"icon-list.default\">\n\t\t\t\t<div class=\"elementor-widget-container\">\n\t\t\t\t\t\t\t<ul class=\"elementor-icon-list-items\">\n\t\t\t\t\t\t\t<li class=\"elementor-icon-list-item\">\n\t\t\t\t\t\t\t\t\t\t\t<span class=\"elementor-icon-list-icon\">\n\t\t\t\t\t\t\t<i aria-hidden=\"true\" class=\"fas fa-check\"><\/i>\t\t\t\t\t\t<\/span>\n\t\t\t\t\t\t\t\t\t\t<span class=\"elementor-icon-list-text\">Suremontuot\u0173 bei paruo\u0161to registracijai automobili\u0173 prekyba ;<\/span>\n\t\t\t\t\t\t\t\t\t<\/li>\n\t\t\t\t\t\t\t\t<li class=\"elementor-icon-list-item\">\n\t\t\t\t\t\t\t\t\t\t\t<span class=\"elementor-icon-list-icon\">\n\t\t\t\t\t\t\t<i aria-hidden=\"true\" class=\"fas fa-check\"><\/i>\t\t\t\t\t\t<\/span>\n\t\t\t\t\t\t\t\t\t\t<span class=\"elementor-icon-list-text\">Automobili\u0173 po eismo \u012fvykio prekyba ;<\/span>\n\t\t\t\t\t\t\t\t\t<\/li>\n\t\t\t\t\t\t\t\t<li class=\"elementor-icon-list-item\">\n\t\t\t\t\t\t\t\t\t\t\t<span class=\"elementor-icon-list-icon\">\n\t\t\t\t\t\t\t<i aria-hidden=\"true\" class=\"fas fa-check\"><\/i>\t\t\t\t\t\t<\/span>\n\t\t\t\t\t\t\t\t\t\t<span class=\"elementor-icon-list-text\">Automobili\u0173 i\u0161 Europos atstov\u0173 pardavimas Lietuvoje ;<\/span>\n\t\t\t\t\t\t\t\t\t<\/li>\n\t\t\t\t\t\t\t\t<li class=\"elementor-icon-list-item\">\n\t\t\t\t\t\t\t\t\t\t\t<span class=\"elementor-icon-list-icon\">\n\t\t\t\t\t\t\t<i aria-hidden=\"true\" class=\"fas fa-check\"><\/i>\t\t\t\t\t\t<\/span>\n\t\t\t\t\t\t\t\t\t\t<span class=\"elementor-icon-list-text\">Automobili\u0173 i\u0161 Europos paruo\u0161imas pardavimui Lietuvoje su lizingo paslauga ;<\/span>\n\t\t\t\t\t\t\t\t\t<\/li>\n\t\t\t\t\t\t\t\t<li class=\"elementor-icon-list-item\">\n\t\t\t\t\t\t\t\t\t\t\t<span class=\"elementor-icon-list-icon\">\n\t\t\t\t\t\t\t<i aria-hidden=\"true\" class=\"fas fa-check\"><\/i>\t\t\t\t\t\t<\/span>\n\t\t\t\t\t\t\t\t\t\t<span class=\"elementor-icon-list-text\">Automobili\u0173 registracijos proced\u016bros :<\/span>\n\t\t\t\t\t\t\t\t\t<\/li>\n\t\t\t\t\t\t\t\t<li class=\"elementor-icon-list-item\">\n\t\t\t\t\t\t\t\t\t\t\t<span class=\"elementor-icon-list-icon\">\n\t\t\t\t\t\t\t<i aria-hidden=\"true\" class=\"fas fa-check\"><\/i>\t\t\t\t\t\t<\/span>\n\t\t\t\t\t\t\t\t\t\t<span class=\"elementor-icon-list-text\">Automobili\u0173 i\u0161 JAV technin\u0117 ekspertizes paslaugos ;<\/span>\n\t\t\t\t\t\t\t\t\t<\/li>\n\t\t\t\t\t\t\t\t<li class=\"elementor-icon-list-item\">\n\t\t\t\t\t\t\t\t\t\t\t<span class=\"elementor-icon-list-icon\">\n\t\t\t\t\t\t\t<i aria-hidden=\"true\" class=\"fas fa-check\"><\/i>\t\t\t\t\t\t<\/span>\n\t\t\t\t\t\t\t\t\t\t<span class=\"elementor-icon-list-text\">Automobili\u0173 privalomosios technin\u0117s\u00a0ap\u017ei\u016bros paslaugos ;<\/span>\n\t\t\t\t\t\t\t\t\t<\/li>\n\t\t\t\t\t\t\t\t<li class=\"elementor-icon-list-item\">\n\t\t\t\t\t\t\t\t\t\t\t<span class=\"elementor-icon-list-icon\">\n\t\t\t\t\t\t\t<i aria-hidden=\"true\" class=\"fas fa-check\"><\/i>\t\t\t\t\t\t<\/span>\n\t\t\t\t\t\t\t\t\t\t<span class=\"elementor-icon-list-text\">Automobilio registravimas Lietuvoje ;<\/span>\n\t\t\t\t\t\t\t\t\t<\/li>\n\t\t\t\t\t\t\t\t<li class=\"elementor-icon-list-item\">\n\t\t\t\t\t\t\t\t\t\t\t<span class=\"elementor-icon-list-icon\">\n\t\t\t\t\t\t\t<i aria-hidden=\"true\" class=\"fas fa-check\"><\/i>\t\t\t\t\t\t<\/span>\n\t\t\t\t\t\t\t\t\t\t<span class=\"elementor-icon-list-text\">Automobili\u0173 pardavimas komiso b\u016bdu Lietuvoje<\/span>\n\t\t\t\t\t\t\t\t\t<\/li>\n\t\t\t\t\t\t<\/ul>\n\t\t\t\t\t\t<\/div>\n\t\t\t\t<\/div>\n\t\t\t\t\t<\/div>\n\t\t<\/div>\n\t\t\t\t\t<\/div>\n\t\t<\/section>\n\t\t\t\t<\/div>\n\t\t","protected":false},"excerpt":{"rendered":"<p>\u00a0 \u00a0 \u00a0 Savo klientams teikiame ne tik automobili\u0173 pardavimo paslaugas, bet plat\u0173 asortiment\u0105\u00a0paslaug\u0173. J\u016bs galite nusipirkti i\u0161 m\u016bs\u0173 automobil\u012f, kuris kokybi\u0161kai atstatytas po eismo \u012fvykio\u00a0. TAIP mes to neslepiam\u00a0, m\u016bs\u0173 parduodami automobiliai keli\u0173 met\u0173 senumo, tur\u0117jo\u00a0skirtingus pa\u017eeidimus . Kiekvienas klientas prie\u0161 nuspr\u0119sdamas\u00a0nusipirkti m\u016bs\u0173 parduodam\u0105 automobil\u012f gaus piln\u0105 ataskait\u0105 koks jis buvo prie\u0161 papuolant m\u016bs\u0173 [&hellip;]<\/p>\n","protected":false},"author":1,"featured_media":0,"parent":0,"menu_order":0,"comment_status":"closed","ping_status":"closed","template":"","meta":{"om_disable_all_campaigns":false,"_monsterinsights_skip_tracking":false,"_monsterinsights_sitenote_active":false,"_monsterinsights_sitenote_note":"","_monsterinsights_sitenote_category":0,"_uf_show_specific_survey":0,"_uf_disable_surveys":false,"slim_seo":{"title":"Automobili\u0173 pardavimo bei registravimo paslaugos","description":"\u00a0 \u00a0 \u00a0 Savo klientams teikiame ne tik automobili\u0173 pardavimo paslaugas, bet plat\u0173 asortiment\u0105\u00a0paslaug\u0173. J\u016bs galite nusipirkti i\u0161 m\u016bs\u0173 automobil\u012f, kuris kokybi\u0161kai"},"footnotes":""},"class_list":["post-2089","page","type-page","status-publish","hentry"],"_links":{"self":[{"href":"https:\/\/valdauto.lt\/index.php?rest_route=\/wp\/v2\/pages\/2089","targetHints":{"allow":["GET"]}}],"collection":[{"href":"https:\/\/valdauto.lt\/index.php?rest_route=\/wp\/v2\/pages"}],"about":[{"href":"https:\/\/valdauto.lt\/index.php?rest_route=\/wp\/v2\/types\/page"}],"author":[{"embeddable":true,"href":"https:\/\/valdauto.lt\/index.php?rest_route=\/wp\/v2\/users\/1"}],"replies":[{"embeddable":true,"href":"https:\/\/valdauto.lt\/index.php?rest_route=%2Fwp%2Fv2%2Fcomments&post=2089"}],"version-history":[{"count":11,"href":"https:\/\/valdauto.lt\/index.php?rest_route=\/wp\/v2\/pages\/2089\/revisions"}],"predecessor-version":[{"id":2303,"href":"https:\/\/valdauto.lt\/index.php?rest_route=\/wp\/v2\/pages\/2089\/revisions\/2303"}],"wp:attachment":[{"href":"https:\/\/valdauto.lt\/index.php?rest_route=%2Fwp%2Fv2%2Fmedia&parent=2089"}],"curies":[{"name":"wp","href":"https:\/\/api.w.org\/{rel}","templated":true}]}}