{"id":2087,"date":"2024-08-15T07:41:33","date_gmt":"2024-08-15T05:41:33","guid":{"rendered":"https:\/\/valdauto.lt\/?page_id=2087"},"modified":"2024-08-15T07:58:53","modified_gmt":"2024-08-15T05:58:53","slug":"mercedes-benz-europinimas","status":"publish","type":"page","link":"https:\/\/valdauto.lt\/?page_id=2087","title":{"rendered":"Mercedes Benz europinimas"},"content":{"rendered":"\t\t<div data-elementor-type=\"wp-page\" data-elementor-id=\"2087\" class=\"elementor elementor-2087\" data-elementor-post-type=\"page\">\n\t\t\t\t\t\t<section class=\"elementor-section elementor-top-section elementor-element elementor-element-f10a260 elementor-section-boxed elementor-section-height-default elementor-section-height-default\" data-id=\"f10a260\" data-element_type=\"section\" data-e-type=\"section\">\n\t\t\t\t\t\t<div class=\"elementor-container elementor-column-gap-default\">\n\t\t\t\t\t<div class=\"elementor-column elementor-col-100 elementor-top-column elementor-element elementor-element-b2739f1\" data-id=\"b2739f1\" data-element_type=\"column\" data-e-type=\"column\">\n\t\t\t<div class=\"elementor-widget-wrap elementor-element-populated\">\n\t\t\t\t\t\t<div class=\"elementor-element elementor-element-e043ce6 elementor-widget elementor-widget-text-editor\" data-id=\"e043ce6\" data-element_type=\"widget\" data-e-type=\"widget\" data-widget_type=\"text-editor.default\">\n\t\t\t\t<div class=\"elementor-widget-container\">\n\t\t\t\t\t\t\t\t\t<p>\u00a0 \u00a0 \u00a0 \u00a0 \u00a0 \u00a0 \u00a0 Importavus Mercedes Benz automobil\u012f i\u0161 JAV rinkos, reikia atlikti kam tikrus pakeitimus \u012f Europos regiono reikalavimus.<\/p><p>Da\u017eniausiai atliekami darbai :<\/p><p>Pos\u016bkio signalo i\u0161 stabd\u017ei\u0173 raudono pos\u016bkio perdarymas \u012f oran\u017ein\u0117s spalvos pos\u016bkio signal\u0105 ;<\/p><p>Radio da\u017enio keitimas ;<\/p><p>Ridos myli\u0173 keitimas \u012f kilometrus ;<\/p><p>Priekini\u0173 \u017eibint\u0173\u00a0&#8221; Side marker &#8221; i\u0161jungimas ;<\/p><p>Galini\u0173 \u017eibint\u0173\u00a0&#8221; Side marker &#8221; i\u0161jungimas ;<\/p><p>\u00a0 \u00a0 \u00a0 \u00a0 \u00a0 \u00a0 \u00a0Taip pat M\u016bs\u0173 partneri\u0173 pagalba , galime atlikti \u0161ias paslaugas :<\/p><p>Atlikti prietais\u0173 skydeli\u0173 ciferblat\u0173 keitim\u0105 \u012f europin\u0117s versij\u0105 ;<\/p><p>Klimato kontrol\u0117s blok\u0173 keitimas bei konvertavimas i\u0161 Farenheit\u0173 \u012f Celsijus\u00a0(F\u00b0, C\u00b0) ( 10 C\u00b0 = 50 F) ;\u00a0<\/p>\t\t\t\t\t\t\t\t<\/div>\n\t\t\t\t<\/div>\n\t\t\t\t\t<\/div>\n\t\t<\/div>\n\t\t\t\t\t<\/div>\n\t\t<\/section>\n\t\t\t\t<section class=\"elementor-section elementor-top-section elementor-element elementor-element-66fb5c5 elementor-section-boxed elementor-section-height-default elementor-section-height-default\" data-id=\"66fb5c5\" data-element_type=\"section\" data-e-type=\"section\">\n\t\t\t\t\t\t<div class=\"elementor-container elementor-column-gap-default\">\n\t\t\t\t\t<div class=\"elementor-column elementor-col-100 elementor-top-column elementor-element elementor-element-e8c4afb\" data-id=\"e8c4afb\" data-element_type=\"column\" data-e-type=\"column\">\n\t\t\t<div class=\"elementor-widget-wrap elementor-element-populated\">\n\t\t\t\t\t\t<div class=\"elementor-element elementor-element-702c755 elementor-widget elementor-widget-image\" data-id=\"702c755\" data-element_type=\"widget\" data-e-type=\"widget\" data-widget_type=\"image.default\">\n\t\t\t\t<div class=\"elementor-widget-container\">\n\t\t\t\t\t\t\t\t\t\t\t\t\t\t\t<img fetchpriority=\"high\" decoding=\"async\" width=\"895\" height=\"559\" src=\"https:\/\/valdauto.lt\/wp-content\/uploads\/2024\/08\/Mercedes-Benz-europinimas-1024x640.jpg\" class=\"attachment-large size-large wp-image-2435\" alt=\"Mercedes Benz Europinimas\" srcset=\"https:\/\/valdauto.lt\/wp-content\/uploads\/2024\/08\/Mercedes-Benz-europinimas-1024x640.jpg 1024w, https:\/\/valdauto.lt\/wp-content\/uploads\/2024\/08\/Mercedes-Benz-europinimas-300x187.jpg 300w, https:\/\/valdauto.lt\/wp-content\/uploads\/2024\/08\/Mercedes-Benz-europinimas-768x480.jpg 768w, https:\/\/valdauto.lt\/wp-content\/uploads\/2024\/08\/Mercedes-Benz-europinimas-1536x960.jpg 1536w, https:\/\/valdauto.lt\/wp-content\/uploads\/2024\/08\/Mercedes-Benz-europinimas-600x375.jpg 600w, https:\/\/valdauto.lt\/wp-content\/uploads\/2024\/08\/Mercedes-Benz-europinimas-1200x750.jpg 1200w, https:\/\/valdauto.lt\/wp-content\/uploads\/2024\/08\/Mercedes-Benz-europinimas-400x250.jpg 400w, https:\/\/valdauto.lt\/wp-content\/uploads\/2024\/08\/Mercedes-Benz-europinimas.jpg 1575w\" sizes=\"(max-width: 895px) 100vw, 895px\" \/>\t\t\t\t\t\t\t\t\t\t\t\t\t\t\t<\/div>\n\t\t\t\t<\/div>\n\t\t\t\t\t<\/div>\n\t\t<\/div>\n\t\t\t\t\t<\/div>\n\t\t<\/section>\n\t\t\t\t<\/div>\n\t\t","protected":false},"excerpt":{"rendered":"<p>\u00a0 \u00a0 \u00a0 \u00a0 \u00a0 \u00a0 \u00a0 Importavus Mercedes Benz automobil\u012f i\u0161 JAV rinkos, reikia atlikti kam tikrus pakeitimus \u012f Europos regiono reikalavimus. Da\u017eniausiai atliekami darbai : Pos\u016bkio signalo i\u0161 stabd\u017ei\u0173 raudono pos\u016bkio perdarymas \u012f oran\u017ein\u0117s spalvos pos\u016bkio signal\u0105 ; Radio da\u017enio keitimas ; Ridos myli\u0173 keitimas \u012f kilometrus ; Priekini\u0173 \u017eibint\u0173\u00a0&#8221; Side marker &#8221; [&hellip;]<\/p>\n","protected":false},"author":1,"featured_media":0,"parent":0,"menu_order":0,"comment_status":"closed","ping_status":"closed","template":"","meta":{"om_disable_all_campaigns":false,"_monsterinsights_skip_tracking":false,"_monsterinsights_sitenote_active":false,"_monsterinsights_sitenote_note":"","_monsterinsights_sitenote_category":0,"_uf_show_specific_survey":0,"_uf_disable_surveys":false,"slim_seo":{"title":"Mercedes Benz europinimas","description":"Mercedes Benz europinimas i\u0161 JAV modelio \u012f ECE standart\u0105."},"footnotes":""},"class_list":["post-2087","page","type-page","status-publish","hentry"],"_links":{"self":[{"href":"https:\/\/valdauto.lt\/index.php?rest_route=\/wp\/v2\/pages\/2087","targetHints":{"allow":["GET"]}}],"collection":[{"href":"https:\/\/valdauto.lt\/index.php?rest_route=\/wp\/v2\/pages"}],"about":[{"href":"https:\/\/valdauto.lt\/index.php?rest_route=\/wp\/v2\/types\/page"}],"author":[{"embeddable":true,"href":"https:\/\/valdauto.lt\/index.php?rest_route=\/wp\/v2\/users\/1"}],"replies":[{"embeddable":true,"href":"https:\/\/valdauto.lt\/index.php?rest_route=%2Fwp%2Fv2%2Fcomments&post=2087"}],"version-history":[{"count":5,"href":"https:\/\/valdauto.lt\/index.php?rest_route=\/wp\/v2\/pages\/2087\/revisions"}],"predecessor-version":[{"id":2446,"href":"https:\/\/valdauto.lt\/index.php?rest_route=\/wp\/v2\/pages\/2087\/revisions\/2446"}],"wp:attachment":[{"href":"https:\/\/valdauto.lt\/index.php?rest_route=%2Fwp%2Fv2%2Fmedia&parent=2087"}],"curies":[{"name":"wp","href":"https:\/\/api.w.org\/{rel}","templated":true}]}}