{"id":1278,"date":"2020-11-24T00:23:34","date_gmt":"2020-11-23T22:23:34","guid":{"rendered":"https:\/\/valdauto.lt\/?page_id=1278"},"modified":"2020-11-24T00:39:32","modified_gmt":"2020-11-23T22:39:32","slug":"elementor-1278","status":"publish","type":"page","link":"https:\/\/valdauto.lt\/?page_id=1278","title":{"rendered":"Garantija"},"content":{"rendered":"\t\t<div data-elementor-type=\"wp-page\" data-elementor-id=\"1278\" class=\"elementor elementor-1278\" data-elementor-post-type=\"page\">\n\t\t\t\t\t\t<section class=\"elementor-section elementor-top-section elementor-element elementor-element-ff88f08 elementor-section-boxed elementor-section-height-default elementor-section-height-default\" data-id=\"ff88f08\" data-element_type=\"section\" data-e-type=\"section\">\n\t\t\t\t\t\t<div class=\"elementor-container elementor-column-gap-default\">\n\t\t\t\t\t<div class=\"elementor-column elementor-col-100 elementor-top-column elementor-element elementor-element-37aff8e\" data-id=\"37aff8e\" data-element_type=\"column\" data-e-type=\"column\">\n\t\t\t<div class=\"elementor-widget-wrap elementor-element-populated\">\n\t\t\t\t\t\t<div class=\"elementor-element elementor-element-ad3c10c elementor-widget elementor-widget-heading\" data-id=\"ad3c10c\" data-element_type=\"widget\" data-e-type=\"widget\" data-widget_type=\"heading.default\">\n\t\t\t\t<div class=\"elementor-widget-container\">\n\t\t\t\t\t<h2 class=\"elementor-heading-title elementor-size-default\">Naudot\u0173 automobili\u0173 garantija<\/h2>\t\t\t\t<\/div>\n\t\t\t\t<\/div>\n\t\t\t\t\t<\/div>\n\t\t<\/div>\n\t\t\t\t\t<\/div>\n\t\t<\/section>\n\t\t\t\t<section class=\"elementor-section elementor-top-section elementor-element elementor-element-c124a4b elementor-section-boxed elementor-section-height-default elementor-section-height-default\" data-id=\"c124a4b\" data-element_type=\"section\" data-e-type=\"section\">\n\t\t\t\t\t\t<div class=\"elementor-container elementor-column-gap-default\">\n\t\t\t\t\t<div class=\"elementor-column elementor-col-100 elementor-top-column elementor-element elementor-element-8e72bbc\" data-id=\"8e72bbc\" data-element_type=\"column\" data-e-type=\"column\">\n\t\t\t<div class=\"elementor-widget-wrap elementor-element-populated\">\n\t\t\t\t\t\t<div class=\"elementor-element elementor-element-d515a93 elementor-widget elementor-widget-text-editor\" data-id=\"d515a93\" data-element_type=\"widget\" data-e-type=\"widget\" data-widget_type=\"text-editor.default\">\n\t\t\t\t<div class=\"elementor-widget-container\">\n\t\t\t\t\t\t\t\t\t<p>&nbsp; &nbsp; &nbsp; &nbsp; &nbsp; MB \u201eValdAuto Transportas\u201c parduodamiems automobiliams taikomos garantijos jei tai yra numatyta pirkimo pardavimo sutartyje ar jos prieduose . Ridos ar laikotarpio garantija, priklausomai kuri pasibaig\u0117 pirmoji.<\/p>\n<p>&nbsp; &nbsp; &nbsp; &nbsp; &nbsp; Garantija u\u017etikrina, kad parduodamas naudotas automobilis yra techni\u0161kai tvarkingas ir gali b\u016bti eksploatuojamas pagal jo paskirt\u012f, t.y. automobilis turi galiojan\u010di\u0105 technin\u0119 ap\u017ei\u016br\u0105 (TA). Jeigu automobilis TA neturi, tai garantija u\u017etikrina, kad toks automobilis atitinka visus privalomus reikalavimus, kad TA b\u016bt\u0173 gauta. Tuo atveju, jeigu \u012fgaliotas TA vykdantis asmuo nustato, kad automobilis neatitinka galiojan\u010di\u0173 TA reikalavim\u0173, \u012fsipareigojame savo s\u0105skaita automobil\u012f suremontuoti taip, kad jis tuos reikalavimus atitikt\u0173. Naudoto automobilio technin\u0117 b\u016bsen\u0105 negali atitikti naujo automobilio technin\u0117s b\u016bkl\u0117s , d\u0117l nat\u016bralaus automobilio susid\u0117v\u0117jimo.<\/p>\n<p>&nbsp; &nbsp; &nbsp; &nbsp; &nbsp; &nbsp; &nbsp; &nbsp; &nbsp; &nbsp; &nbsp; &nbsp; &nbsp; &nbsp; &nbsp; &nbsp; &nbsp; &nbsp; &nbsp; &nbsp; &nbsp; &nbsp; &nbsp; &nbsp; &nbsp; &nbsp; &nbsp; &nbsp; &nbsp; &nbsp; Garantija yra taikoma \u0161ioms detal\u0117ms ar mechanizmams :<\/p>\n<p>Variklio cilindr\u0173 blokui su velenu, st\u016bmokliais, \u0161vaistikliais ir tepalo siurbliu, vo\u017etuvais ir j\u0173 dalimis, galvut\u0117s tarpinei, cilindr\u0173 bloko galvutei su velen\u0117liais, grei\u010di\u0173 d\u0117\u017eei ir tiems darbams bei detal\u0117ms, kurios buvo naudojamos automobilio remontui arba jo technin\u0117s b\u016bkl\u0117s patobulinimui, pagal gamintoj\u0173 ar detali\u0173 pardav\u0117j\u0173 nustatyt\u0105 garantin\u012f laikotarp\u012f . Keisti k\u0117bulo bei kiti pagrindiniai elementai yra i\u0161vardinti pirkimo pardavimo sutarties prieduose, \u0161iems \u012frenginiams arba elementams taikoma garantija.<\/p>\n<p>&nbsp; &nbsp; &nbsp; &nbsp; &nbsp; &nbsp; &nbsp;Nat\u016braliam susid\u0117v\u0117jimui garantija netaikoma. Visos automobilio dalys d\u0117visi. Tokiu b\u016bdu garantinio laikotarpio metu, ypatingai automobiliams su didele rida, gali prireikti remonto darb\u0173, kuri\u0173 prie\u017eastimi pagal specialist\u0173 \u012fvertinim\u0105 n\u0117ra med\u017eiag\u0173 ir gamyklos atlikt\u0173 darb\u0173 defektai. Tokie defektai remiasi eksploatacijos s\u0105lygojamu susid\u0117v\u0117jimu ir garantija jiems netaikoma . Garantija netaikoma automobilio mechanizmams ir detal\u0117ms, \u012fskaitant, bet neapsiribojant va\u017eiuokle ir jos dalimis: variklio au\u0161inimo, kuro tiekimo, u\u017edegimo, duj\u0173 i\u0161metimo, kondicionavimo sistemomis, taip pat vairavimo, stabdymo, pavaros perdavimo, sankabos, amortizavimo mechanizmams, turbokompresoriams, starteriams, generatoriams, elektros sistemoms, pakabos bei k\u0117bulo dalims, variklio grandinei. Garantija taip pat netaikoma ir tokiems reguliavimo darbams, kaip dureli\u0173 ir stoglangi\u0173 pritaikymas ir sureguliavimas, oro triuk\u0161m\u0173 bei nesandarum\u0173 durel\u0117se ir stoglangiuose tvarkymas, rat\u0173 suvedimas ir balansavimas, kuro ir tepal\u0173 s\u0105naudoms, jei jos nevir\u0161ija gamyklos gamintojos nustatyt\u0173 norm\u0173. Garantija netaikoma, jeigu automobilyje sumontuoti mazgai ar detal\u0117s neatitinka gamintojo reikalavim\u0173, t.y. sumontavus papildom\u0105 \u012frang\u0105, padidinus ar pama\u017einus variklio gali\u0105 ( Chip tuning, remapping) , kei\u010diant pavar\u0173 d\u0117\u017e\u0119, kei\u010diant automobilio ar jo dali\u0173 konstrukcij\u0105 ir (arba) automobilyje padaryti pakeitimai, nesuderinti su pardav\u0117j\u0173. Jei automobilis buvo naudojamas netinkamu b\u016bdu, ne pagal paskirt\u012f, pa\u017eeid\u017eiant naudojimosi automobiliu instrukcij\u0105, jei automobilis buvo naudojamas taksi veikloje, nuomai, sporto var\u017eyboms, keleivi\u0173 ar krovini\u0173 perve\u017eimui.ar kitai ne pagal paskirti priskirtai veiklai.<\/p>\n<p>&nbsp; &nbsp; &nbsp; &nbsp; &nbsp; &nbsp; &nbsp;Garantin\u012f remont\u0105 atliek\u0105 \u201e ValdAuto transportas\u201c &nbsp;pasirinktas servisas, jei kitaip nesuderinta su pirk\u0117j\u0173. Pardav\u0117jas neatsako u\u017e patirt\u0105 finansin\u0119 \u017eal\u0105, &nbsp;pirk\u0117jo netiesiogini\u0173 ir tiesiogini\u0173 i\u0161laid\u0173, susijusi\u0173 su pakaitinio automobilio nuoma, taksi i\u0161laidomis, sugedusio automobilio transportavimu, nakvyne arba remontuojamo automobilio prastova.. Taip pat neatliginami nuostoliai kuri\u0173 \u0117m\u0117si pirk\u0117jas arba tretieji asmenys i\u0161 anksto nesuderin\u0119 remonto ( nesuderin\u0119 remonto s\u0105matos ) arba transportavimo ka\u0161t\u0173 su pardav\u0117j\u0173.<\/p>\t\t\t\t\t\t\t\t<\/div>\n\t\t\t\t<\/div>\n\t\t\t\t\t<\/div>\n\t\t<\/div>\n\t\t\t\t\t<\/div>\n\t\t<\/section>\n\t\t\t\t<\/div>\n\t\t","protected":false},"excerpt":{"rendered":"<p>Naudot\u0173 automobili\u0173 garantija &nbsp; &nbsp; &nbsp; &nbsp; &nbsp; MB \u201eValdAuto Transportas\u201c parduodamiems automobiliams taikomos garantijos jei tai yra numatyta pirkimo pardavimo sutartyje ar jos prieduose . Ridos ar laikotarpio garantija, priklausomai kuri pasibaig\u0117 pirmoji. &nbsp; &nbsp; &nbsp; &nbsp; &nbsp; Garantija u\u017etikrina, kad parduodamas naudotas automobilis yra techni\u0161kai tvarkingas ir gali b\u016bti eksploatuojamas pagal jo paskirt\u012f, [&hellip;]<\/p>\n","protected":false},"author":1,"featured_media":0,"parent":0,"menu_order":0,"comment_status":"closed","ping_status":"closed","template":"","meta":{"om_disable_all_campaigns":false,"_monsterinsights_skip_tracking":false,"_monsterinsights_sitenote_active":false,"_monsterinsights_sitenote_note":"","_monsterinsights_sitenote_category":0,"_uf_show_specific_survey":0,"_uf_disable_surveys":false,"slim_seo":{"title":"Garantija - Mercedes benz naudotos dalys","description":"Naudot\u0173 automobili\u0173 garantija &nbsp; &nbsp; &nbsp; &nbsp; &nbsp; MB \u201eValdAuto Transportas\u201c parduodamiems automobiliams taikomos garantijos jei tai yra numatyta"},"footnotes":""},"class_list":["post-1278","page","type-page","status-publish","hentry"],"_links":{"self":[{"href":"https:\/\/valdauto.lt\/index.php?rest_route=\/wp\/v2\/pages\/1278","targetHints":{"allow":["GET"]}}],"collection":[{"href":"https:\/\/valdauto.lt\/index.php?rest_route=\/wp\/v2\/pages"}],"about":[{"href":"https:\/\/valdauto.lt\/index.php?rest_route=\/wp\/v2\/types\/page"}],"author":[{"embeddable":true,"href":"https:\/\/valdauto.lt\/index.php?rest_route=\/wp\/v2\/users\/1"}],"replies":[{"embeddable":true,"href":"https:\/\/valdauto.lt\/index.php?rest_route=%2Fwp%2Fv2%2Fcomments&post=1278"}],"version-history":[{"count":6,"href":"https:\/\/valdauto.lt\/index.php?rest_route=\/wp\/v2\/pages\/1278\/revisions"}],"predecessor-version":[{"id":1285,"href":"https:\/\/valdauto.lt\/index.php?rest_route=\/wp\/v2\/pages\/1278\/revisions\/1285"}],"wp:attachment":[{"href":"https:\/\/valdauto.lt\/index.php?rest_route=%2Fwp%2Fv2%2Fmedia&parent=1278"}],"curies":[{"name":"wp","href":"https:\/\/api.w.org\/{rel}","templated":true}]}}